{"id":5102,"date":"2021-05-27T14:38:38","date_gmt":"2021-05-27T14:38:38","guid":{"rendered":"https:\/\/lmevents.groupe-aplus.fr\/?page_id=5102"},"modified":"2021-06-14T15:09:41","modified_gmt":"2021-06-14T15:09:41","slug":"location-vaisselle-mobilier-traiteur-ile-de-france","status":"publish","type":"page","link":"https:\/\/lm-vexin.fr\/index.php\/location-vaisselle-mobilier-traiteur-ile-de-france\/","title":{"rendered":"Location de Vaisselle et mobilier en Ile de France et dans le Vexin"},"content":{"rendered":"<div class=\"wpb-content-wrapper\"><p>[vc_row][vc_column]<div class=\"tm-element-heading-wrapper tm-heading-inner tm-element-align-center tm-seperator-none tm-heading-style-vertical tm-overlay-subheading\"><section class=\"tm-vc_cta3-container\"><div class=\"tm-vc_general tm-vc_cta3 tm-cta3-only tm-vc_cta3-style-classic tm-vc_cta3-shape-rounded tm-vc_cta3-align-center tm-vc_cta3-color-transparent tm-vc_cta3-icon-size-md tm-vc_cta3-actions-no tm-cta3-without-desc\"><div class=\"tm-vc_cta3_content-container\"><div class=\"tm-vc_cta3-content\"><header class=\"tm-vc_cta3-content-header tm-wrap\"><div class=\"tm-vc_cta3-headers tm-wrap-cell\"><h2 class=\"tm-custom-heading \" >Toute votre vaisselle &amp; votre mobilier pour vos \u00e9v\u00e9nements<\/h2>\n<\/div><div class=\"heading-seperator\"><span><\/span><\/div><\/header><\/div><\/div><\/div><\/section><\/div> <!-- .tm-element-heading-wrapper container --> [vc_column_text]<\/p>\n<h5 style=\"text-align: center;\">Parce que la qualit\u00e9 de votre \u00e9v\u00e9nement passe aussi par la qualit\u00e9 de votre mat\u00e9riel, nous vous proposons un large choix de r\u00e9f\u00e9rences de mat\u00e9riel art de la table, nappage, mat\u00e9riel de cuisine d\u00e9di\u00e9 au traiteur mais aussi de mobilier (tables, chaises, buffets&#8230;) pour l&rsquo;ensemble de vos \u00e9v\u00e9nements priv\u00e9s et professionnels pr\u00e9vu dans le Val d&rsquo;Oise et l&rsquo;\u00cele-de-France.<\/h5>\n<p>[\/vc_column_text][\/vc_column][\/vc_row][vc_row tm_bgcolor=\u00a0\u00bbdarkgrey\u00a0\u00bb tm_bgimage_position=\u00a0\u00bbcenter_top\u00a0\u00bb tm_bgimagefixed=\u00a0\u00bb\u00a0\u00bb full_width=\u00a0\u00bbstretch_row\u00a0\u00bb css=\u00a0\u00bb.vc_custom_1622535577100{margin-top: 50px !important;padding-top: 40px !important;padding-bottom: 40px !important;}\u00a0\u00bb el_id=\u00a0\u00bbfonctionnement\u00a0\u00bb][vc_column]<div class=\"tm-element-heading-wrapper tm-heading-inner tm-element-align-center tm-seperator-none tm-heading-style-vertical tm-overlay-subheading\"><section class=\"tm-vc_cta3-container\"><div class=\"tm-vc_general tm-vc_cta3 tm-cta3-only tm-vc_cta3-style-classic tm-vc_cta3-shape-rounded tm-vc_cta3-align-center tm-vc_cta3-color-transparent tm-vc_cta3-icon-size-md tm-vc_cta3-actions-no tm-cta3-with-desc\"><div class=\"tm-vc_cta3_content-container\"><div class=\"tm-vc_cta3-content\"><header class=\"tm-vc_cta3-content-header tm-wrap\"><div class=\"tm-vc_cta3-headers tm-wrap-cell\"><h4 class=\"tm-custom-heading \" >Fonctionnement<\/h4>\n<h2 class=\"tm-custom-heading \" >Pour commander et r\u00e9server votre mat\u00e9riel, c'est tr\u00e8s simple !<\/h2>\n<\/div><div class=\"heading-seperator\"><span><\/span><\/div><\/header><div class=\"tm-cta3-content-wrapper\"><p>Il vous suffit de suivre nos 3 \u00e9tapes<\/p><\/div><\/div><\/div><\/div><\/section><\/div> <!-- .tm-element-heading-wrapper container --> [vc_row_inner css=\u00a0\u00bb.vc_custom_1538472320857{padding-top: 22px !important;}\u00a0\u00bb][vc_column_inner width=\u00a0\u00bb1\/3&Prime;]<div class=\"tm-vc_icon_element tm-vc_icon_element-outer tm-vc_icon_element-align-center  tm-vc_icon_element-have-style ttm-skin-outline-border\"><div class=\"tm-vc_icon_element-inner  tm-vc_icon_element-have-style-inner tm-vc_icon_element-color-white tm-vc_icon_element-size-xl tm-vc_icon_element-style-rounded tm-vc_icon_element-background tm-vc_icon_element-background-color-skincolor\" ><span class=\"tm-vc_icon_element-icon themifyicon ti-hand-point-up\" ><\/span><\/div><\/div><h2 style=\"text-align:center;font-size:20px;line-height:30px;\" class=\"tm-custom-heading vc_custom_1622452133675\" >Je choisis et s\u00e9lectionne<br \/>\nmon mat\u00e9riel<\/h2>\n[\/vc_column_inner][vc_column_inner width=\u00a0\u00bb1\/3&Prime;]<div class=\"tm-vc_icon_element tm-vc_icon_element-outer tm-vc_icon_element-align-center  tm-vc_icon_element-have-style ttm-skin-outline-border\"><div class=\"tm-vc_icon_element-inner  tm-vc_icon_element-have-style-inner tm-vc_icon_element-color-white tm-vc_icon_element-size-xl tm-vc_icon_element-style-rounded tm-vc_icon_element-background tm-vc_icon_element-background-color-skincolor\" ><span class=\"tm-vc_icon_element-icon themifyicon ti-check-box\" ><\/span><\/div><\/div><h2 style=\"text-align:center;font-size:20px;line-height:30px;\" class=\"tm-custom-heading vc_custom_1622452174599\" >Je remplis le formulaire<br \/>\navec mes informations<\/h2>\n[\/vc_column_inner][vc_column_inner width=\u00a0\u00bb1\/3&Prime;]<div class=\"tm-vc_icon_element tm-vc_icon_element-outer tm-vc_icon_element-align-center  tm-vc_icon_element-have-style ttm-skin-outline-border\"><div class=\"tm-vc_icon_element-inner  tm-vc_icon_element-have-style-inner tm-vc_icon_element-color-white tm-vc_icon_element-size-xl tm-vc_icon_element-style-rounded tm-vc_icon_element-background tm-vc_icon_element-background-color-skincolor\" ><span class=\"tm-vc_icon_element-icon themifyicon ti-pencil-alt\" ><\/span><\/div><\/div><h2 style=\"text-align:center;font-size:20px;line-height:30px;\" class=\"tm-custom-heading vc_custom_1622452793308\" >Je re\u00e7ois mon devis<br \/>\net le valide<\/h2>\n[\/vc_column_inner][\/vc_row_inner][vc_row_inner css=\u00a0\u00bb.vc_custom_1536128244322{padding-top: 50px !important;}\u00a0\u00bb el_class=\u00a0\u00bbtm-reset-button-center-767&Prime;][vc_column_inner width=\u00a0\u00bb1\/2&Prime;]\n\t\t<div class=\"tm-vc_btn3-container tm-vc_btn3-right\"><a class=\"tm-vc_general tm-vc_btn3 tm-vc_btn3-size-md tm-vc_btn3-shape-rounded tm-vc_btn3-style-flat tm-vc_btn3-weight-no tm-vc_btn3-color-skincolor\" href=\"https:\/\/lm-vexin.fr\/index.php\/services\/\" title=\"Services \u00e9v\u00e9nementiels dans toute l\u2019Ile de France\">D\u00e9couvrez nos services<\/a><\/div>[\/vc_column_inner][vc_column_inner width=\u00a0\u00bb1\/2&Prime;]\n\t\t<div class=\"tm-vc_btn3-container tm-vc_btn3-left\"><a class=\"tm-vc_general tm-vc_btn3 tm-vc_btn3-size-md tm-vc_btn3-shape-rounded tm-vc_btn3-style-flat tm-vc_btn3-weight-no tm-vc_btn3-color-skincolor\" href=\"https:\/\/lm-vexin.fr\/index.php\/estimez-votre-evenement-en-quelques-clics-seulement\/\" title=\"Estimez votre \u00e9v\u00e9nement en quelques clics seulement !\">Formulaire d'organisation d'\u00e9v\u00e9nement<\/a><\/div>[\/vc_column_inner][\/vc_row_inner][\/vc_column][\/vc_row][vc_row][vc_column][vc_column_text]<\/p>\n<p style=\"text-align: center;\">Pour vous aider dans votre s\u00e9lection et pour r\u00e9pondre \u00e0 vos besoins, nous avons constitu\u00e9 <strong>3 types de sets mat\u00e9riel<\/strong> (not\u00e9s que ceux-ci seront compl\u00e9t\u00e9s en fonction des besoins du site et de votre traiteur) :<\/p>\n<p>[\/vc_column_text][vc_tta_tabs alignment=\u00a0\u00bbcenter\u00a0\u00bb active_section=\u00a0\u00bb1&Prime; el_class=\u00a0\u00bbttm-tabstyle-one tm-fluid-menu\u00a0\u00bb][vc_tta_section title=\u00a0\u00bbSet UNO\u00a0\u00bb tab_id=\u00a0\u00bb1622115416892-2f7fd0b8-13179f0f-81fa\u00a0\u00bb][vc_row_inner][vc_column_inner width=\u00a0\u00bb1\/2&Prime;][vc_single_image image=\u00a0\u00bb5335&Prime; img_size=\u00a0\u00bbfull\u00a0\u00bb][\/vc_column_inner][vc_column_inner width=\u00a0\u00bb1\/2&Prime;]<h4 style=\"text-align:left;font-size:24px;line-height:34px;font-family:'Roboto',Arial,Helvetica;font-weight:700;\" class=\"tm-custom-heading \" >LE SET UNO !<\/h4>\n[vc_column_text]Le Set UNO, compos\u00e9 de 6 pi\u00e8ces par personne :<\/p>\n<ul>\n<li>1 Verre \u00e0 eau<\/li>\n<li>1 Grande assiette<\/li>\n<li>1 Petite assiette<\/li>\n<li>1 Couteau<\/li>\n<li>1 Fourchette<\/li>\n<li>1 Cuill\u00e8re \u00e0 dessert<\/li>\n<\/ul>\n<p>[\/vc_column_text]\n\t\t<div class=\"tm-vc_btn3-container tm-vc_btn3-inline\"><a class=\"tm-vc_general tm-vc_btn3 tm-vc_btn3-size-md tm-vc_btn3-shape-square tm-vc_btn3-style-flat tm-vc_btn3-weight-yes tm-vc_btn3-icon-left tm-vc_btn3-color-skincolor\" href=\"https:\/\/lm-vexin.fr\/index.php\/contact-us\/\" title=\"Contactez-nous\"><i class=\"tm-vc_btn3-icon fa fa-paper-plane-o\"><\/i> Contactez-nous pour plus d'informations !<\/a><\/div>[\/vc_column_inner][\/vc_row_inner][\/vc_tta_section][vc_tta_section title=\u00a0\u00bbSet DUO\u00a0\u00bb tab_id=\u00a0\u00bb1622115416909-2614bfb6-30b09f0f-81fa\u00a0\u00bb][vc_row_inner][vc_column_inner width=\u00a0\u00bb1\/2&Prime;][vc_single_image image=\u00a0\u00bb5336&Prime; img_size=\u00a0\u00bbfull\u00a0\u00bb][\/vc_column_inner][vc_column_inner width=\u00a0\u00bb1\/2&Prime;]<h4 style=\"text-align:left;font-size:24px;line-height:34px;font-family:'Roboto',Arial,Helvetica;font-weight:700;\" class=\"tm-custom-heading \" >LE SET DUO !<\/h4>\n[vc_column_text]Le Set DUO, compos\u00e9 de 10 pi\u00e8ces par personne :<\/p>\n<ul>\n<li>1 Verre \u00e0 vin rouge<\/li>\n<li>1 Verre \u00e0 pied<\/li>\n<li>1 Grande assiette<\/li>\n<li>2 Petites assiettes<\/li>\n<li>1 Grand couteau<\/li>\n<li>1 Grande fourchette<\/li>\n<li>1 Petit couteau<\/li>\n<li>1 Petite fourchette<\/li>\n<li>1 Cuill\u00e8re \u00e0 dessert<\/li>\n<\/ul>\n<p>[\/vc_column_text]\n\t\t<div class=\"tm-vc_btn3-container tm-vc_btn3-inline\"><a class=\"tm-vc_general tm-vc_btn3 tm-vc_btn3-size-md tm-vc_btn3-shape-square tm-vc_btn3-style-flat tm-vc_btn3-weight-yes tm-vc_btn3-icon-left tm-vc_btn3-color-skincolor\" href=\"https:\/\/lm-vexin.fr\/index.php\/contact-us\/\" title=\"Contactez-nous\"><i class=\"tm-vc_btn3-icon fa fa-paper-plane-o\"><\/i> Contactez-nous pour plus d'informations !<\/a><\/div>[\/vc_column_inner][\/vc_row_inner][\/vc_tta_section][vc_tta_section title=\u00a0\u00bbSet TRIO\u00a0\u00bb tab_id=\u00a0\u00bb1622127784413-6026df36-5788&Prime;][vc_row_inner][vc_column_inner width=\u00a0\u00bb1\/2&Prime;][vc_single_image image=\u00a0\u00bb5337&Prime; img_size=\u00a0\u00bbfull\u00a0\u00bb][\/vc_column_inner][vc_column_inner width=\u00a0\u00bb1\/2&Prime;]<h4 style=\"text-align:left;font-size:24px;line-height:34px;font-family:'Roboto',Arial,Helvetica;font-weight:700;\" class=\"tm-custom-heading \" >LE SET TRIO !<\/h4>\n[vc_column_text]Le Set TRIO, compos\u00e9 de 20 pi\u00e8ces par personne :<\/p>\n<ul>\n<li>1 Verre \u00e0 vin rouge<\/li>\n<li>1 Verre \u00e0 vin blanc<\/li>\n<li>1 Verre \u00e0 pied\/eau<\/li>\n<li>2 Fl\u00fbtes \u00e0 champagne<\/li>\n<li>1 Tumbler<\/li>\n<li>2 Grandes assiettes<\/li>\n<li>2 Petites assiettes<\/li>\n<li>2 Grands couteaux<\/li>\n<li>2 Grandes fourchettes<\/li>\n<li>1 Petit couteau<\/li>\n<li>1 Petite fourchette<\/li>\n<li>1 Cuill\u00e8re \u00e0 dessert<\/li>\n<li>1 Cuill\u00e8re \u00e0 caf\u00e9<\/li>\n<li>1 Tasse et sous-tasse \u00e0 caf\u00e9<\/li>\n<\/ul>\n<p>[\/vc_column_text]\n\t\t<div class=\"tm-vc_btn3-container tm-vc_btn3-inline\"><a class=\"tm-vc_general tm-vc_btn3 tm-vc_btn3-size-md tm-vc_btn3-shape-square tm-vc_btn3-style-flat tm-vc_btn3-weight-yes tm-vc_btn3-icon-left tm-vc_btn3-color-skincolor\" href=\"https:\/\/lm-vexin.fr\/index.php\/contact-us\/\" title=\"Contactez-nous\"><i class=\"tm-vc_btn3-icon fa fa-paper-plane-o\"><\/i> Contactez-nous pour plus d'informations !<\/a><\/div>[\/vc_column_inner][\/vc_row_inner][\/vc_tta_section][\/vc_tta_tabs][vc_column_text]Notre mat\u00e9riel vous est pr\u00e9par\u00e9, lav\u00e9 et conditionn\u00e9 par r\u00e9f\u00e9rence produits en fonction de vos besoins.<\/p>\n<p>Apr\u00e8s votre r\u00e9ception, il vous suffit uniquement de le conditionner (par vos soins ou par votre traiteur) et de nous le retourner en l&rsquo;\u00e9tat c&rsquo;est-\u00e0-dire \u00ab\u00a0sale\u00a0\u00bb nous nous chargerons du nettoyage.<\/p>\n<p>Nous livrons et r\u00e9cup\u00e9rons le mat\u00e9riel et\/ou mobilier la veille et le lendemain de votre r\u00e9ception[\/vc_column_text][\/vc_column][\/vc_row][vc_row tm_bgcolor=\u00a0\u00bbwhite\u00a0\u00bb tm_bgimagefixed=\u00a0\u00bb\u00a0\u00bb full_width=\u00a0\u00bbstretch_row_content\u00a0\u00bb css=\u00a0\u00bb.vc_custom_1622116477563{padding-top: 30px !important;padding-bottom: 0px !important;}\u00a0\u00bb][vc_column tm_bgcolor=\u00a0\u00bbwhite\u00a0\u00bb]<h3 style=\"text-align:center;font-size:45px;line-height:45px;\" class=\"tm-custom-heading vc_custom_1622127978782\" >Nos services<\/h3>\n[vc_zigzag color=\u00a0\u00bbblack\u00a0\u00bb el_width=\u00a0\u00bb30&Prime; css=\u00a0\u00bb.vc_custom_1622116490193{margin-bottom: 30px !important;padding-right: 5px !important;padding-left: 5px !important;}\u00a0\u00bb][\/vc_column][\/vc_row][vc_row tm_bgcolor=\u00a0\u00bbwhite\u00a0\u00bb tm_bgimagefixed=\u00a0\u00bb\u00a0\u00bb full_width=\u00a0\u00bbstretch_row\u00a0\u00bb css=\u00a0\u00bb.vc_custom_1622116455863{margin-top: 0px !important;padding-top: 30px !important;padding-bottom: 30px !important;background-color: #ffffff !important;}\u00a0\u00bb][vc_column width=\u00a0\u00bb1\/2&Prime;]<ul class=\"tm-list tm-list-style-icon tm-list-icon-color-skincolor tm- tm-icon-skincolor tm-list-textsize- tm-list-icon-library-fontawesome\"><li><i class=\"tm-skincolor fa fa-check\"><\/i>  <span class=\"tm-list-li-content\">Logistique g\u00e9r\u00e9e par nos soins<\/span><\/li><li><i class=\"tm-skincolor fa fa-check\"><\/i>  <span class=\"tm-list-li-content\">Large choix de r\u00e9f\u00e9rences<\/span><\/li><\/ul>[\/vc_column][vc_column width=\u00a0\u00bb1\/2&Prime;]<ul class=\"tm-list tm-list-style-icon tm-list-icon-color-skincolor tm- tm-icon-skincolor tm-list-textsize- tm-list-icon-library-fontawesome\"><li><i class=\"tm-skincolor fa fa-check\"><\/i>  <span class=\"tm-list-li-content\">D\u00e9sinfection et nettoyage du mat\u00e9riel<\/span><\/li><li><i class=\"tm-skincolor fa fa-check\"><\/i>  <span class=\"tm-list-li-content\">Qualit\u00e9 de nos r\u00e9f\u00e9rences<\/span><\/li><\/ul>[\/vc_column][\/vc_row][vc_row tm_bgcolor=\u00a0\u00bbskincolor\u00a0\u00bb tm_bgimagefixed=\u00a0\u00bb\u00a0\u00bb full_width=\u00a0\u00bbstretch_row\u00a0\u00bb][vc_column]<h5 style=\"text-align:center;font-size:45px;line-height:45px;\" class=\"tm-custom-heading vc_custom_1622116104404\" >Notre \u00e9quipe r\u00e9pond \u00e0 vos questions<\/h5>\n[vc_zigzag color=\u00a0\u00bbwhite\u00a0\u00bb el_width=\u00a0\u00bb60&Prime; css=\u00a0\u00bb.vc_custom_1622116096846{margin-bottom: 30px !important;padding-right: 5px !important;padding-left: 5px !important;}\u00a0\u00bb][vc_tta_accordion color=\u00a0\u00bbskincolor\u00a0\u00bb gap=\u00a0\u00bb5&Prime; active_section=\u00a0\u00bb5&Prime;][vc_tta_section title=\u00a0\u00bbNous n\u2019avons aucune id\u00e9e du mat\u00e9riel n\u00e9cessaire pour notre r\u00e9ception ?\u00a0\u00bb tab_id=\u00a0\u00bb1539845763408-c1c719c9-cbe4b7ed-33689f0f-81fa\u00a0\u00bb][vc_column_text]Soit vous avez choisi notre service traiteur soit nous nous mettrons en relation avec le votre afin de vous proposer tout le mat\u00e9riel dont ils ont besoin pour la r\u00e9alisation votre r\u00e9ception[\/vc_column_text][\/vc_tta_section][vc_tta_section title=\u00a0\u00bbNous avons une salle de r\u00e9ception mais pas le mobilier que pouvez-vous faire ?\u00a0\u00bb tab_id=\u00a0\u00bb1539845872778-311cebec-af9fb7ed-33689f0f-81fa\u00a0\u00bb][vc_column_text]Nous pouvons vous proposer des tables rectangles ou rondes, des chaises et m\u00eame des buffets traiteur[\/vc_column_text][\/vc_tta_section][vc_tta_section title=\u00a0\u00bbQuel est le budget \u00e0 pr\u00e9voir pour le mat\u00e9riel?\u00a0\u00bb tab_id=\u00a0\u00bb1539846371524-66d4ee3a-8cd8b7ed-33689f0f-81fa\u00a0\u00bb][vc_column_text]Le budget est al\u00e9atoire nous vous budg\u00e9terons uniquement le mat\u00e9riel et\/ou mobilier n\u00e9cessaire pour votre traiteur[\/vc_column_text][\/vc_tta_section][\/vc_tta_accordion][\/vc_column][\/vc_row]<\/p>\n<\/div>","protected":false},"excerpt":{"rendered":"<p>[vc_row][vc_column][vc_column_text] Parce que la qualit\u00e9 de votre \u00e9v\u00e9nement passe aussi par la qualit\u00e9 de votre mat\u00e9riel, nous vous proposons un large choix de r\u00e9f\u00e9rences de mat\u00e9riel art de la table, &hellip; <a href=\"https:\/\/lm-vexin.fr\/index.php\/location-vaisselle-mobilier-traiteur-ile-de-france\/\" class=\"more-link\">Continue reading <span class=\"screen-reader-text\">Location de Vaisselle et mobilier en Ile de France et dans le Vexin<\/span><\/a><\/p>\n","protected":false},"author":2,"featured_media":0,"parent":0,"menu_order":0,"comment_status":"closed","ping_status":"closed","template":"","meta":{"footnotes":""},"class_list":["post-5102","page","type-page","status-publish","hentry"],"yoast_head":"<!-- This site is optimized with the Yoast SEO plugin v25.9 - https:\/\/yoast.com\/wordpress\/plugins\/seo\/ -->\n<title>Location de Vaisselle et mobilier en Ile de France et dans le Vexin - LM VEXIN - Organisation d&#039;\u00e9v\u00e9nement<\/title>\n<meta name=\"robots\" content=\"index, follow, max-snippet:-1, max-image-preview:large, max-video-preview:-1\" \/>\n<link rel=\"canonical\" href=\"https:\/\/lm-vexin.fr\/index.php\/location-vaisselle-mobilier-traiteur-ile-de-france\/\" \/>\n<meta property=\"og:locale\" content=\"fr_FR\" \/>\n<meta property=\"og:type\" content=\"article\" \/>\n<meta property=\"og:title\" content=\"Location de Vaisselle et mobilier en Ile de France et dans le Vexin - LM VEXIN - Organisation d&#039;\u00e9v\u00e9nement\" \/>\n<meta property=\"og:description\" content=\"[vc_row][vc_column][vc_column_text] Parce que la qualit\u00e9 de votre \u00e9v\u00e9nement passe aussi par la qualit\u00e9 de votre mat\u00e9riel, nous vous proposons un large choix de r\u00e9f\u00e9rences de mat\u00e9riel art de la table, &hellip; Continue reading Location de Vaisselle et mobilier en Ile de France et dans le Vexin\" \/>\n<meta property=\"og:url\" content=\"https:\/\/lm-vexin.fr\/index.php\/location-vaisselle-mobilier-traiteur-ile-de-france\/\" \/>\n<meta property=\"og:site_name\" content=\"LM VEXIN - Organisation d&#039;\u00e9v\u00e9nement\" \/>\n<meta property=\"article:modified_time\" content=\"2021-06-14T15:09:41+00:00\" \/>\n<meta name=\"twitter:card\" content=\"summary_large_image\" \/>\n<meta name=\"twitter:label1\" content=\"Dur\u00e9e de lecture estim\u00e9e\" \/>\n\t<meta name=\"twitter:data1\" content=\"8 minutes\" \/>\n<script type=\"application\/ld+json\" class=\"yoast-schema-graph\">{\"@context\":\"https:\/\/schema.org\",\"@graph\":[{\"@type\":\"WebPage\",\"@id\":\"https:\/\/lm-vexin.fr\/index.php\/location-vaisselle-mobilier-traiteur-ile-de-france\/\",\"url\":\"https:\/\/lm-vexin.fr\/index.php\/location-vaisselle-mobilier-traiteur-ile-de-france\/\",\"name\":\"Location de Vaisselle et mobilier en Ile de France et dans le Vexin - LM VEXIN - Organisation d&#039;\u00e9v\u00e9nement\",\"isPartOf\":{\"@id\":\"https:\/\/lm-vexin.fr\/#website\"},\"datePublished\":\"2021-05-27T14:38:38+00:00\",\"dateModified\":\"2021-06-14T15:09:41+00:00\",\"breadcrumb\":{\"@id\":\"https:\/\/lm-vexin.fr\/index.php\/location-vaisselle-mobilier-traiteur-ile-de-france\/#breadcrumb\"},\"inLanguage\":\"fr-FR\",\"potentialAction\":[{\"@type\":\"ReadAction\",\"target\":[\"https:\/\/lm-vexin.fr\/index.php\/location-vaisselle-mobilier-traiteur-ile-de-france\/\"]}]},{\"@type\":\"BreadcrumbList\",\"@id\":\"https:\/\/lm-vexin.fr\/index.php\/location-vaisselle-mobilier-traiteur-ile-de-france\/#breadcrumb\",\"itemListElement\":[{\"@type\":\"ListItem\",\"position\":1,\"name\":\"Home\",\"item\":\"https:\/\/lm-vexin.fr\/\"},{\"@type\":\"ListItem\",\"position\":2,\"name\":\"Location de Vaisselle et mobilier en Ile de France et dans le Vexin\"}]},{\"@type\":\"WebSite\",\"@id\":\"https:\/\/lm-vexin.fr\/#website\",\"url\":\"https:\/\/lm-vexin.fr\/\",\"name\":\"LM VEXIN - Organisation d&#039;\u00e9v\u00e9nement\",\"description\":\"VOTRE PARTENAIRE \u00c9V\u00c9NEMENT DE A \u00c0 Z\",\"publisher\":{\"@id\":\"https:\/\/lm-vexin.fr\/#organization\"},\"potentialAction\":[{\"@type\":\"SearchAction\",\"target\":{\"@type\":\"EntryPoint\",\"urlTemplate\":\"https:\/\/lm-vexin.fr\/?s={search_term_string}\"},\"query-input\":{\"@type\":\"PropertyValueSpecification\",\"valueRequired\":true,\"valueName\":\"search_term_string\"}}],\"inLanguage\":\"fr-FR\"},{\"@type\":\"Organization\",\"@id\":\"https:\/\/lm-vexin.fr\/#organization\",\"name\":\"LM VEXIN PARIS\",\"url\":\"https:\/\/lm-vexin.fr\/\",\"logo\":{\"@type\":\"ImageObject\",\"inLanguage\":\"fr-FR\",\"@id\":\"https:\/\/lm-vexin.fr\/#\/schema\/logo\/image\/\",\"url\":\"https:\/\/lm-vexin.fr\/wp-content\/uploads\/2021\/06\/LOGO-WEB-LM-EVENTS-1.png\",\"contentUrl\":\"https:\/\/lm-vexin.fr\/wp-content\/uploads\/2021\/06\/LOGO-WEB-LM-EVENTS-1.png\",\"width\":294,\"height\":85,\"caption\":\"LM VEXIN PARIS\"},\"image\":{\"@id\":\"https:\/\/lm-vexin.fr\/#\/schema\/logo\/image\/\"}}]}<\/script>\n<!-- \/ Yoast SEO plugin. -->","yoast_head_json":{"title":"Location de Vaisselle et mobilier en Ile de France et dans le Vexin - LM VEXIN - Organisation d&#039;\u00e9v\u00e9nement","robots":{"index":"index","follow":"follow","max-snippet":"max-snippet:-1","max-image-preview":"max-image-preview:large","max-video-preview":"max-video-preview:-1"},"canonical":"https:\/\/lm-vexin.fr\/index.php\/location-vaisselle-mobilier-traiteur-ile-de-france\/","og_locale":"fr_FR","og_type":"article","og_title":"Location de Vaisselle et mobilier en Ile de France et dans le Vexin - LM VEXIN - Organisation d&#039;\u00e9v\u00e9nement","og_description":"[vc_row][vc_column][vc_column_text] Parce que la qualit\u00e9 de votre \u00e9v\u00e9nement passe aussi par la qualit\u00e9 de votre mat\u00e9riel, nous vous proposons un large choix de r\u00e9f\u00e9rences de mat\u00e9riel art de la table, &hellip; Continue reading Location de Vaisselle et mobilier en Ile de France et dans le Vexin","og_url":"https:\/\/lm-vexin.fr\/index.php\/location-vaisselle-mobilier-traiteur-ile-de-france\/","og_site_name":"LM VEXIN - Organisation d&#039;\u00e9v\u00e9nement","article_modified_time":"2021-06-14T15:09:41+00:00","twitter_card":"summary_large_image","twitter_misc":{"Dur\u00e9e de lecture estim\u00e9e":"8 minutes"},"schema":{"@context":"https:\/\/schema.org","@graph":[{"@type":"WebPage","@id":"https:\/\/lm-vexin.fr\/index.php\/location-vaisselle-mobilier-traiteur-ile-de-france\/","url":"https:\/\/lm-vexin.fr\/index.php\/location-vaisselle-mobilier-traiteur-ile-de-france\/","name":"Location de Vaisselle et mobilier en Ile de France et dans le Vexin - LM VEXIN - Organisation d&#039;\u00e9v\u00e9nement","isPartOf":{"@id":"https:\/\/lm-vexin.fr\/#website"},"datePublished":"2021-05-27T14:38:38+00:00","dateModified":"2021-06-14T15:09:41+00:00","breadcrumb":{"@id":"https:\/\/lm-vexin.fr\/index.php\/location-vaisselle-mobilier-traiteur-ile-de-france\/#breadcrumb"},"inLanguage":"fr-FR","potentialAction":[{"@type":"ReadAction","target":["https:\/\/lm-vexin.fr\/index.php\/location-vaisselle-mobilier-traiteur-ile-de-france\/"]}]},{"@type":"BreadcrumbList","@id":"https:\/\/lm-vexin.fr\/index.php\/location-vaisselle-mobilier-traiteur-ile-de-france\/#breadcrumb","itemListElement":[{"@type":"ListItem","position":1,"name":"Home","item":"https:\/\/lm-vexin.fr\/"},{"@type":"ListItem","position":2,"name":"Location de Vaisselle et mobilier en Ile de France et dans le Vexin"}]},{"@type":"WebSite","@id":"https:\/\/lm-vexin.fr\/#website","url":"https:\/\/lm-vexin.fr\/","name":"LM VEXIN - Organisation d&#039;\u00e9v\u00e9nement","description":"VOTRE PARTENAIRE \u00c9V\u00c9NEMENT DE A \u00c0 Z","publisher":{"@id":"https:\/\/lm-vexin.fr\/#organization"},"potentialAction":[{"@type":"SearchAction","target":{"@type":"EntryPoint","urlTemplate":"https:\/\/lm-vexin.fr\/?s={search_term_string}"},"query-input":{"@type":"PropertyValueSpecification","valueRequired":true,"valueName":"search_term_string"}}],"inLanguage":"fr-FR"},{"@type":"Organization","@id":"https:\/\/lm-vexin.fr\/#organization","name":"LM VEXIN PARIS","url":"https:\/\/lm-vexin.fr\/","logo":{"@type":"ImageObject","inLanguage":"fr-FR","@id":"https:\/\/lm-vexin.fr\/#\/schema\/logo\/image\/","url":"https:\/\/lm-vexin.fr\/wp-content\/uploads\/2021\/06\/LOGO-WEB-LM-EVENTS-1.png","contentUrl":"https:\/\/lm-vexin.fr\/wp-content\/uploads\/2021\/06\/LOGO-WEB-LM-EVENTS-1.png","width":294,"height":85,"caption":"LM VEXIN PARIS"},"image":{"@id":"https:\/\/lm-vexin.fr\/#\/schema\/logo\/image\/"}}]}},"_links":{"self":[{"href":"https:\/\/lm-vexin.fr\/index.php\/wp-json\/wp\/v2\/pages\/5102","targetHints":{"allow":["GET"]}}],"collection":[{"href":"https:\/\/lm-vexin.fr\/index.php\/wp-json\/wp\/v2\/pages"}],"about":[{"href":"https:\/\/lm-vexin.fr\/index.php\/wp-json\/wp\/v2\/types\/page"}],"author":[{"embeddable":true,"href":"https:\/\/lm-vexin.fr\/index.php\/wp-json\/wp\/v2\/users\/2"}],"replies":[{"embeddable":true,"href":"https:\/\/lm-vexin.fr\/index.php\/wp-json\/wp\/v2\/comments?post=5102"}],"version-history":[{"count":36,"href":"https:\/\/lm-vexin.fr\/index.php\/wp-json\/wp\/v2\/pages\/5102\/revisions"}],"predecessor-version":[{"id":5606,"href":"https:\/\/lm-vexin.fr\/index.php\/wp-json\/wp\/v2\/pages\/5102\/revisions\/5606"}],"wp:attachment":[{"href":"https:\/\/lm-vexin.fr\/index.php\/wp-json\/wp\/v2\/media?parent=5102"}],"curies":[{"name":"wp","href":"https:\/\/api.w.org\/{rel}","templated":true}]}}