{"id":5141,"date":"2021-05-31T09:21:02","date_gmt":"2021-05-31T09:21:02","guid":{"rendered":"https:\/\/lmevents.groupe-aplus.fr\/?page_id=5141"},"modified":"2021-06-30T07:40:48","modified_gmt":"2021-06-30T07:40:48","slug":"seminaire-dentreprise","status":"publish","type":"page","link":"https:\/\/lm-vexin.fr\/index.php\/organisation-evenement-ile-de-france-vexin\/seminaire-dentreprise\/","title":{"rendered":"S\u00e9minaires d&rsquo;entreprise"},"content":{"rendered":"<div class=\"wpb-content-wrapper\"><p>[vc_row tm_bgimagefixed=\u00a0\u00bb\u00a0\u00bb full_width=\u00a0\u00bbstretch_row\u00a0\u00bb][vc_column]<div class=\"tm-element-heading-wrapper tm-heading-inner tm-element-align-center tm-seperator-solid tm-heading-style-vertical tm-overlay-subheading\"><section class=\"tm-vc_cta3-container\"><div class=\"tm-vc_general tm-vc_cta3 tm-cta3-only tm-vc_cta3-style-classic tm-vc_cta3-shape-rounded tm-vc_cta3-align-center tm-vc_cta3-color-transparent tm-vc_cta3-icon-size-md tm-vc_cta3-actions-no tm-cta3-without-desc\"><div class=\"tm-vc_cta3_content-container\"><div class=\"tm-vc_cta3-content\"><header class=\"tm-vc_cta3-content-header tm-wrap\"><div class=\"tm-vc_cta3-headers tm-wrap-cell\"><h4 class=\"tm-custom-heading \" >Organisateur de s\u00e9minaires d'entreprises<\/h4>\n<h2 class=\"tm-custom-heading \" >Organisateur de s\u00e9minaires d'entreprises avec une \u00e9quipe d'experts au service de votre \u00e9v\u00e9nement professionnel<\/h2>\n<\/div><div class=\"heading-seperator\"><span><\/span><\/div><\/header><\/div><\/div><\/div><\/section><\/div> <!-- .tm-element-heading-wrapper container --> [\/vc_column][\/vc_row][vc_row tm_bgimagefixed=\u00a0\u00bb\u00a0\u00bb css=\u00a0\u00bb.vc_custom_1622116787962{margin-bottom: 30px !important;}\u00a0\u00bb][vc_column width=\u00a0\u00bb1\/2&Prime;][vc_single_image image=\u00a0\u00bb5229&Prime; img_size=\u00a0\u00bbfull\u00a0\u00bb][\/vc_column][vc_column width=\u00a0\u00bb1\/2&Prime;][vc_column_text]La coh\u00e9sion et l\u2019esprit d\u2019\u00e9quipe sont primordiales dans une entreprise, c\u2019est pourquoi LM Events sera votre partenaire dans la r\u00e9alisation de votre s\u00e9minaire.<\/p>\n<p>Nous sommes pr\u00e9sents pour vous apporter notre savoir-faire dans le milieu professionnel.<\/p>\n<ul>\n<li><strong>Ad\u00e9quation<\/strong> sera le mot cl\u00e9 de votre s\u00e9minaire. Il alliera l&rsquo;atmosph\u00e8re professionnel et les moments d\u00e9tente<\/li>\n<li>Message professionnel et distraction seront vos <strong>fils conducteurs<\/strong><\/li>\n<li>Un r\u00e9el <strong>gain de temps<\/strong> pour vous, vous ne pouvez allier vos t\u00e2ches professionnelles et la r\u00e9alisation de cet \u00e9v\u00e9nement<\/li>\n<li>Votre <strong>budget<\/strong> disponible nous permettra de vous proposer la meilleure des prestations<\/li>\n<\/ul>\n<p>[\/vc_column_text]\n\t\t<div class=\"tm-vc_btn3-container tm-vc_btn3-inline\"><a class=\"tm-vc_general tm-vc_btn3 tm-vc_btn3-size-md tm-vc_btn3-shape-round tm-vc_btn3-style-flat tm-vc_btn3-weight-no tm-vc_btn3-icon-left tm-vc_btn3-color-skincolor\" href=\"\" title=\"\"><i class=\"tm-vc_btn3-icon fa fa-paper-plane-o\"><\/i> Contactez-nous pour plus d'informations !<\/a><\/div>[\/vc_column][\/vc_row][vc_row tm_bgcolor=\u00a0\u00bbwhite\u00a0\u00bb tm_bgimagefixed=\u00a0\u00bb\u00a0\u00bb full_width=\u00a0\u00bbstretch_row\u00a0\u00bb css=\u00a0\u00bb.vc_custom_1622107991432{padding-top: 40px !important;padding-bottom: 40px !important;}\u00a0\u00bb][vc_column]\n\t\t<div class=\"tm-vc_btn3-container tm-vc_btn3-center\"><a class=\"tm-vc_general tm-vc_btn3 tm-vc_btn3-size-lg tm-vc_btn3-shape-round tm-vc_btn3-style-flat tm-vc_btn3-weight-no tm-vc_btn3-color-skincolor\" href=\"https:\/\/lm-vexin.fr\/index.php\/estimez-votre-evenement-en-quelques-clics-seulement\/\" title=\"Estimez votre \u00e9v\u00e9nement en quelques clics seulement !\">Faire estimer mon devis<\/a><\/div>[\/vc_column][vc_column]<h3 style=\"text-align:center;font-size:45px;line-height:45px;font-family:'Roboto',Arial,Helvetica;font-weight:700;\" class=\"tm-custom-heading vc_custom_1622466200619\" >Nos services pour assurer la r\u00e9ussite de votre s\u00e9minaire<\/h3>\n[vc_zigzag color=\u00a0\u00bbblack\u00a0\u00bb el_width=\u00a0\u00bb60&Prime; css=\u00a0\u00bb.vc_custom_1622107584331{margin-bottom: 20px !important;}\u00a0\u00bb][vc_row_inner content_placement=\u00a0\u00bbmiddle\u00a0\u00bb][vc_column_inner width=\u00a0\u00bb1\/2&Prime;]<ul class=\"tm-list tm-list-style-icon tm-list-icon-color-skincolor tm- tm-icon-skincolor tm-list-textsize- tm-list-icon-library-fontawesome\"><li><i class=\"tm-skincolor fa fa-check\"><\/i>  <span class=\"tm-list-li-content\">Vaisselles & mobiliers<\/span><\/li><li><i class=\"tm-skincolor fa fa-check\"><\/i>  <span class=\"tm-list-li-content\">Image \/ Son & Lumi\u00e8res<\/span><\/li><li><i class=\"tm-skincolor fa fa-check\"><\/i>  <span class=\"tm-list-li-content\">Gonflables & Animations enfants<\/span><\/li><li><i class=\"tm-skincolor fa fa-check\"><\/i>  <span class=\"tm-list-li-content\">D\u00e9guisement babar<\/span><\/li><\/ul>[\/vc_column_inner][vc_column_inner width=\u00a0\u00bb1\/2&Prime;]<ul class=\"tm-list tm-list-style-icon tm-list-icon-color-skincolor tm- tm-icon-skincolor tm-list-textsize- tm-list-icon-library-fontawesome\"><li><i class=\"tm-skincolor fa fa-check\"><\/i>  <span class=\"tm-list-li-content\">Location de salle & lieu d'exception<\/span><\/li><li><i class=\"tm-skincolor fa fa-check\"><\/i>  <span class=\"tm-list-li-content\">D\u00e9coration<\/span><\/li><li><i class=\"tm-skincolor fa fa-check\"><\/i>  <span class=\"tm-list-li-content\">Animations musicales<\/span><\/li><li><i class=\"tm-skincolor fa fa-check\"><\/i>  <span class=\"tm-list-li-content\">Camion loge \/ WC mobiles<\/span><\/li><\/ul>[\/vc_column_inner][\/vc_row_inner][\/vc_column][\/vc_row][vc_row tm_bgcolor=\u00a0\u00bbskincolor\u00a0\u00bb tm_bgimagefixed=\u00a0\u00bb\u00a0\u00bb full_width=\u00a0\u00bbstretch_row\u00a0\u00bb css=\u00a0\u00bb.vc_custom_1622108086003{padding-top: 40px !important;padding-bottom: 40px !important;}\u00a0\u00bb][vc_column]<h5 style=\"text-align:center;font-size:45px;line-height:45px;font-family:'Roboto',Arial,Helvetica;font-weight:700;\" class=\"tm-custom-heading vc_custom_1622107368046\" >Notre \u00e9quipe r\u00e9pond \u00e0 vos questions<\/h5>\n[vc_zigzag color=\u00a0\u00bbwhite\u00a0\u00bb el_width=\u00a0\u00bb60&Prime; css=\u00a0\u00bb.vc_custom_1622107376261{margin-bottom: 20px !important;}\u00a0\u00bb][vc_tta_accordion color=\u00a0\u00bbskincolor\u00a0\u00bb gap=\u00a0\u00bb5&Prime; active_section=\u00a0\u00bb1&Prime;][vc_tta_section title=\u00a0\u00bbNous souhaitons r\u00e9aliser un s\u00e9minaire d&rsquo;entreprise mais nous n&rsquo;avons pas de th\u00e9matique ?\u00a0\u00bb tab_id=\u00a0\u00bb1539845763352-7e95fcf4-6e940c02-9ec7&Prime;][vc_column_text]En fonction du message que vous souhaitez communiquer \u00e0 vos collaborateurs nous pourrons vous proposer plusieurs th\u00e9matiques pouvant s&rsquo;y int\u00e9grer.[\/vc_column_text][\/vc_tta_section][vc_tta_section title=\u00a0\u00bbComment concilier \u00e9v\u00e9nement professionnel et moments de d\u00e9tente ?\u00a0\u00bb tab_id=\u00a0\u00bb1539845763408-c1c719c9-cbe40c02-9ec7&Prime;][vc_column_text]Gr\u00e2ce \u00e0 notre savoir-faire et nos nombreux partenaires nous saurons vous diriger vers des lieux et activit\u00e9s en totale ad\u00e9quation avec votre \u00e9v\u00e9nement[\/vc_column_text][\/vc_tta_section][vc_tta_section title=\u00a0\u00bbA quel moment organiser ce s\u00e9minaire ?\u00a0\u00bb tab_id=\u00a0\u00bb1539845872778-311cebec-af9f0c02-9ec7&Prime;][vc_column_text]Nous pourrons vous conseiller sur la date de votre s\u00e9minaire en prenant en compte les vacances scolaires, les f\u00eates annuelles, etc.[\/vc_column_text][\/vc_tta_section][vc_tta_section title=\u00a0\u00bbQuelles sont les ressources ou prestataires de service \u00e0 pr\u00e9voir pour notre s\u00e9minaire ?\u00a0\u00bb tab_id=\u00a0\u00bb1539846371524-66d4ee3a-8cd80c02-9ec7&Prime;][vc_column_text]Nous serons en mesure de vous diriger et de vous conseiller sur l&rsquo;ensemble des prestataires \u00e0 faire intervenir pour votre \u00e9v\u00e9nement (agent de s\u00e9curit\u00e9, voiturier, service traiteur&#8230;)[\/vc_column_text][\/vc_tta_section][\/vc_tta_accordion][\/vc_column][\/vc_row]<\/p>\n<\/div>","protected":false},"excerpt":{"rendered":"<p>[vc_row tm_bgimagefixed=\u00a0\u00bb\u00a0\u00bb full_width=\u00a0\u00bbstretch_row\u00a0\u00bb][vc_column][\/vc_column][\/vc_row][vc_row tm_bgimagefixed=\u00a0\u00bb\u00a0\u00bb css=\u00a0\u00bb.vc_custom_1622116787962{margin-bottom: 30px !important;}\u00a0\u00bb][vc_column width=\u00a0\u00bb1\/2&Prime;][vc_single_image image=\u00a0\u00bb5229&Prime; img_size=\u00a0\u00bbfull\u00a0\u00bb][\/vc_column][vc_column width=\u00a0\u00bb1\/2&Prime;][vc_column_text]La coh\u00e9sion et l\u2019esprit d\u2019\u00e9quipe sont primordiales dans une entreprise, c\u2019est pourquoi LM Events sera votre partenaire dans la r\u00e9alisation &hellip; <a href=\"https:\/\/lm-vexin.fr\/index.php\/organisation-evenement-ile-de-france-vexin\/seminaire-dentreprise\/\" class=\"more-link\">Continue reading <span class=\"screen-reader-text\">S\u00e9minaires d&rsquo;entreprise<\/span><\/a><\/p>\n","protected":false},"author":2,"featured_media":0,"parent":4905,"menu_order":0,"comment_status":"closed","ping_status":"closed","template":"","meta":{"footnotes":""},"class_list":["post-5141","page","type-page","status-publish","hentry"],"yoast_head":"<!-- This site is optimized with the Yoast SEO plugin v25.9 - https:\/\/yoast.com\/wordpress\/plugins\/seo\/ -->\n<title>S\u00e9minaires d&#039;entreprise - LM VEXIN - Organisation d&#039;\u00e9v\u00e9nement<\/title>\n<meta name=\"robots\" content=\"index, follow, max-snippet:-1, max-image-preview:large, max-video-preview:-1\" \/>\n<link rel=\"canonical\" href=\"https:\/\/lm-vexin.fr\/index.php\/organisation-evenement-ile-de-france-vexin\/seminaire-dentreprise\/\" \/>\n<meta property=\"og:locale\" content=\"fr_FR\" \/>\n<meta property=\"og:type\" content=\"article\" \/>\n<meta property=\"og:title\" content=\"S\u00e9minaires d&#039;entreprise - LM VEXIN - Organisation d&#039;\u00e9v\u00e9nement\" \/>\n<meta property=\"og:description\" content=\"[vc_row tm_bgimagefixed=\u00a0\u00bb\u00a0\u00bb full_width=\u00a0\u00bbstretch_row\u00a0\u00bb][vc_column][\/vc_column][\/vc_row][vc_row tm_bgimagefixed=\u00a0\u00bb\u00a0\u00bb css=\u00a0\u00bb.vc_custom_1622116787962{margin-bottom: 30px !important;}\u00a0\u00bb][vc_column width=\u00a0\u00bb1\/2&Prime;][vc_single_image image=\u00a0\u00bb5229&Prime; img_size=\u00a0\u00bbfull\u00a0\u00bb][\/vc_column][vc_column width=\u00a0\u00bb1\/2&Prime;][vc_column_text]La coh\u00e9sion et l\u2019esprit d\u2019\u00e9quipe sont primordiales dans une entreprise, c\u2019est pourquoi LM Events sera votre partenaire dans la r\u00e9alisation &hellip; Continue reading S\u00e9minaires d&rsquo;entreprise\" \/>\n<meta property=\"og:url\" content=\"https:\/\/lm-vexin.fr\/index.php\/organisation-evenement-ile-de-france-vexin\/seminaire-dentreprise\/\" \/>\n<meta property=\"og:site_name\" content=\"LM VEXIN - Organisation d&#039;\u00e9v\u00e9nement\" \/>\n<meta property=\"article:modified_time\" content=\"2021-06-30T07:40:48+00:00\" \/>\n<meta name=\"twitter:card\" content=\"summary_large_image\" \/>\n<meta name=\"twitter:label1\" content=\"Dur\u00e9e de lecture estim\u00e9e\" \/>\n\t<meta name=\"twitter:data1\" content=\"4 minutes\" \/>\n<script type=\"application\/ld+json\" class=\"yoast-schema-graph\">{\"@context\":\"https:\/\/schema.org\",\"@graph\":[{\"@type\":\"WebPage\",\"@id\":\"https:\/\/lm-vexin.fr\/index.php\/organisation-evenement-ile-de-france-vexin\/seminaire-dentreprise\/\",\"url\":\"https:\/\/lm-vexin.fr\/index.php\/organisation-evenement-ile-de-france-vexin\/seminaire-dentreprise\/\",\"name\":\"S\u00e9minaires d'entreprise - LM VEXIN - Organisation d&#039;\u00e9v\u00e9nement\",\"isPartOf\":{\"@id\":\"https:\/\/lm-vexin.fr\/#website\"},\"datePublished\":\"2021-05-31T09:21:02+00:00\",\"dateModified\":\"2021-06-30T07:40:48+00:00\",\"breadcrumb\":{\"@id\":\"https:\/\/lm-vexin.fr\/index.php\/organisation-evenement-ile-de-france-vexin\/seminaire-dentreprise\/#breadcrumb\"},\"inLanguage\":\"fr-FR\",\"potentialAction\":[{\"@type\":\"ReadAction\",\"target\":[\"https:\/\/lm-vexin.fr\/index.php\/organisation-evenement-ile-de-france-vexin\/seminaire-dentreprise\/\"]}]},{\"@type\":\"BreadcrumbList\",\"@id\":\"https:\/\/lm-vexin.fr\/index.php\/organisation-evenement-ile-de-france-vexin\/seminaire-dentreprise\/#breadcrumb\",\"itemListElement\":[{\"@type\":\"ListItem\",\"position\":1,\"name\":\"Home\",\"item\":\"https:\/\/lm-vexin.fr\/\"},{\"@type\":\"ListItem\",\"position\":2,\"name\":\"Organisation d&rsquo;\u00e9v\u00e9nement en Ile de France et dans le Vexin\",\"item\":\"https:\/\/lm-vexin.fr\/index.php\/organisation-evenement-ile-de-france-vexin\/\"},{\"@type\":\"ListItem\",\"position\":3,\"name\":\"S\u00e9minaires d&rsquo;entreprise\"}]},{\"@type\":\"WebSite\",\"@id\":\"https:\/\/lm-vexin.fr\/#website\",\"url\":\"https:\/\/lm-vexin.fr\/\",\"name\":\"LM VEXIN - Organisation d&#039;\u00e9v\u00e9nement\",\"description\":\"VOTRE PARTENAIRE \u00c9V\u00c9NEMENT DE A \u00c0 Z\",\"publisher\":{\"@id\":\"https:\/\/lm-vexin.fr\/#organization\"},\"potentialAction\":[{\"@type\":\"SearchAction\",\"target\":{\"@type\":\"EntryPoint\",\"urlTemplate\":\"https:\/\/lm-vexin.fr\/?s={search_term_string}\"},\"query-input\":{\"@type\":\"PropertyValueSpecification\",\"valueRequired\":true,\"valueName\":\"search_term_string\"}}],\"inLanguage\":\"fr-FR\"},{\"@type\":\"Organization\",\"@id\":\"https:\/\/lm-vexin.fr\/#organization\",\"name\":\"LM VEXIN PARIS\",\"url\":\"https:\/\/lm-vexin.fr\/\",\"logo\":{\"@type\":\"ImageObject\",\"inLanguage\":\"fr-FR\",\"@id\":\"https:\/\/lm-vexin.fr\/#\/schema\/logo\/image\/\",\"url\":\"https:\/\/lm-vexin.fr\/wp-content\/uploads\/2021\/06\/LOGO-WEB-LM-EVENTS-1.png\",\"contentUrl\":\"https:\/\/lm-vexin.fr\/wp-content\/uploads\/2021\/06\/LOGO-WEB-LM-EVENTS-1.png\",\"width\":294,\"height\":85,\"caption\":\"LM VEXIN PARIS\"},\"image\":{\"@id\":\"https:\/\/lm-vexin.fr\/#\/schema\/logo\/image\/\"}}]}<\/script>\n<!-- \/ Yoast SEO plugin. -->","yoast_head_json":{"title":"S\u00e9minaires d'entreprise - LM VEXIN - Organisation d&#039;\u00e9v\u00e9nement","robots":{"index":"index","follow":"follow","max-snippet":"max-snippet:-1","max-image-preview":"max-image-preview:large","max-video-preview":"max-video-preview:-1"},"canonical":"https:\/\/lm-vexin.fr\/index.php\/organisation-evenement-ile-de-france-vexin\/seminaire-dentreprise\/","og_locale":"fr_FR","og_type":"article","og_title":"S\u00e9minaires d'entreprise - LM VEXIN - Organisation d&#039;\u00e9v\u00e9nement","og_description":"[vc_row tm_bgimagefixed=\u00a0\u00bb\u00a0\u00bb full_width=\u00a0\u00bbstretch_row\u00a0\u00bb][vc_column][\/vc_column][\/vc_row][vc_row tm_bgimagefixed=\u00a0\u00bb\u00a0\u00bb css=\u00a0\u00bb.vc_custom_1622116787962{margin-bottom: 30px !important;}\u00a0\u00bb][vc_column width=\u00a0\u00bb1\/2&Prime;][vc_single_image image=\u00a0\u00bb5229&Prime; img_size=\u00a0\u00bbfull\u00a0\u00bb][\/vc_column][vc_column width=\u00a0\u00bb1\/2&Prime;][vc_column_text]La coh\u00e9sion et l\u2019esprit d\u2019\u00e9quipe sont primordiales dans une entreprise, c\u2019est pourquoi LM Events sera votre partenaire dans la r\u00e9alisation &hellip; Continue reading S\u00e9minaires d&rsquo;entreprise","og_url":"https:\/\/lm-vexin.fr\/index.php\/organisation-evenement-ile-de-france-vexin\/seminaire-dentreprise\/","og_site_name":"LM VEXIN - Organisation d&#039;\u00e9v\u00e9nement","article_modified_time":"2021-06-30T07:40:48+00:00","twitter_card":"summary_large_image","twitter_misc":{"Dur\u00e9e de lecture estim\u00e9e":"4 minutes"},"schema":{"@context":"https:\/\/schema.org","@graph":[{"@type":"WebPage","@id":"https:\/\/lm-vexin.fr\/index.php\/organisation-evenement-ile-de-france-vexin\/seminaire-dentreprise\/","url":"https:\/\/lm-vexin.fr\/index.php\/organisation-evenement-ile-de-france-vexin\/seminaire-dentreprise\/","name":"S\u00e9minaires d'entreprise - LM VEXIN - Organisation d&#039;\u00e9v\u00e9nement","isPartOf":{"@id":"https:\/\/lm-vexin.fr\/#website"},"datePublished":"2021-05-31T09:21:02+00:00","dateModified":"2021-06-30T07:40:48+00:00","breadcrumb":{"@id":"https:\/\/lm-vexin.fr\/index.php\/organisation-evenement-ile-de-france-vexin\/seminaire-dentreprise\/#breadcrumb"},"inLanguage":"fr-FR","potentialAction":[{"@type":"ReadAction","target":["https:\/\/lm-vexin.fr\/index.php\/organisation-evenement-ile-de-france-vexin\/seminaire-dentreprise\/"]}]},{"@type":"BreadcrumbList","@id":"https:\/\/lm-vexin.fr\/index.php\/organisation-evenement-ile-de-france-vexin\/seminaire-dentreprise\/#breadcrumb","itemListElement":[{"@type":"ListItem","position":1,"name":"Home","item":"https:\/\/lm-vexin.fr\/"},{"@type":"ListItem","position":2,"name":"Organisation d&rsquo;\u00e9v\u00e9nement en Ile de France et dans le Vexin","item":"https:\/\/lm-vexin.fr\/index.php\/organisation-evenement-ile-de-france-vexin\/"},{"@type":"ListItem","position":3,"name":"S\u00e9minaires d&rsquo;entreprise"}]},{"@type":"WebSite","@id":"https:\/\/lm-vexin.fr\/#website","url":"https:\/\/lm-vexin.fr\/","name":"LM VEXIN - Organisation d&#039;\u00e9v\u00e9nement","description":"VOTRE PARTENAIRE \u00c9V\u00c9NEMENT DE A \u00c0 Z","publisher":{"@id":"https:\/\/lm-vexin.fr\/#organization"},"potentialAction":[{"@type":"SearchAction","target":{"@type":"EntryPoint","urlTemplate":"https:\/\/lm-vexin.fr\/?s={search_term_string}"},"query-input":{"@type":"PropertyValueSpecification","valueRequired":true,"valueName":"search_term_string"}}],"inLanguage":"fr-FR"},{"@type":"Organization","@id":"https:\/\/lm-vexin.fr\/#organization","name":"LM VEXIN PARIS","url":"https:\/\/lm-vexin.fr\/","logo":{"@type":"ImageObject","inLanguage":"fr-FR","@id":"https:\/\/lm-vexin.fr\/#\/schema\/logo\/image\/","url":"https:\/\/lm-vexin.fr\/wp-content\/uploads\/2021\/06\/LOGO-WEB-LM-EVENTS-1.png","contentUrl":"https:\/\/lm-vexin.fr\/wp-content\/uploads\/2021\/06\/LOGO-WEB-LM-EVENTS-1.png","width":294,"height":85,"caption":"LM VEXIN PARIS"},"image":{"@id":"https:\/\/lm-vexin.fr\/#\/schema\/logo\/image\/"}}]}},"_links":{"self":[{"href":"https:\/\/lm-vexin.fr\/index.php\/wp-json\/wp\/v2\/pages\/5141","targetHints":{"allow":["GET"]}}],"collection":[{"href":"https:\/\/lm-vexin.fr\/index.php\/wp-json\/wp\/v2\/pages"}],"about":[{"href":"https:\/\/lm-vexin.fr\/index.php\/wp-json\/wp\/v2\/types\/page"}],"author":[{"embeddable":true,"href":"https:\/\/lm-vexin.fr\/index.php\/wp-json\/wp\/v2\/users\/2"}],"replies":[{"embeddable":true,"href":"https:\/\/lm-vexin.fr\/index.php\/wp-json\/wp\/v2\/comments?post=5141"}],"version-history":[{"count":8,"href":"https:\/\/lm-vexin.fr\/index.php\/wp-json\/wp\/v2\/pages\/5141\/revisions"}],"predecessor-version":[{"id":5647,"href":"https:\/\/lm-vexin.fr\/index.php\/wp-json\/wp\/v2\/pages\/5141\/revisions\/5647"}],"up":[{"embeddable":true,"href":"https:\/\/lm-vexin.fr\/index.php\/wp-json\/wp\/v2\/pages\/4905"}],"wp:attachment":[{"href":"https:\/\/lm-vexin.fr\/index.php\/wp-json\/wp\/v2\/media?parent=5141"}],"curies":[{"name":"wp","href":"https:\/\/api.w.org\/{rel}","templated":true}]}}