{"id":5148,"date":"2021-05-31T09:47:42","date_gmt":"2021-05-31T09:47:42","guid":{"rendered":"https:\/\/lmevents.groupe-aplus.fr\/?page_id=5148"},"modified":"2021-06-30T07:41:22","modified_gmt":"2021-06-30T07:41:22","slug":"soirees-dentreprise","status":"publish","type":"page","link":"https:\/\/lm-vexin.fr\/index.php\/organisation-evenement-ile-de-france-vexin\/soirees-dentreprise\/","title":{"rendered":"Soir\u00e9es d&rsquo;entreprise"},"content":{"rendered":"<div class=\"wpb-content-wrapper\"><p>[vc_row tm_bgimagefixed=\u00a0\u00bb\u00a0\u00bb full_width=\u00a0\u00bbstretch_row\u00a0\u00bb][vc_column]<div class=\"tm-element-heading-wrapper tm-heading-inner tm-element-align-center tm-seperator-solid tm-heading-style-vertical tm-overlay-subheading\"><section class=\"tm-vc_cta3-container\"><div class=\"tm-vc_general tm-vc_cta3 tm-cta3-only tm-vc_cta3-style-classic tm-vc_cta3-shape-rounded tm-vc_cta3-align-center tm-vc_cta3-color-transparent tm-vc_cta3-icon-size-md tm-vc_cta3-actions-no tm-cta3-without-desc\"><div class=\"tm-vc_cta3_content-container\"><div class=\"tm-vc_cta3-content\"><header class=\"tm-vc_cta3-content-header tm-wrap\"><div class=\"tm-vc_cta3-headers tm-wrap-cell\"><h4 class=\"tm-custom-heading \" >Organisateur de soir\u00e9es<\/h4>\n<h2 class=\"tm-custom-heading \" >Organisateur de soir\u00e9es d'entreprises avec une \u00e9quipe d'experts au service de la r\u00e9ussite de votre \u00e9v\u00e9nement unique<\/h2>\n<\/div><div class=\"heading-seperator\"><span><\/span><\/div><\/header><\/div><\/div><\/div><\/section><\/div> <!-- .tm-element-heading-wrapper container --> [\/vc_column][\/vc_row][vc_row tm_bgimagefixed=\u00a0\u00bb\u00a0\u00bb css=\u00a0\u00bb.vc_custom_1622116787962{margin-bottom: 30px !important;}\u00a0\u00bb][vc_column width=\u00a0\u00bb1\/2&Prime;][vc_single_image image=\u00a0\u00bb5234&Prime; img_size=\u00a0\u00bbfull\u00a0\u00bb][\/vc_column][vc_column width=\u00a0\u00bb1\/2&Prime;][vc_column_text]Nombreux sont les \u00e9v\u00e9nements \u00e0 f\u00eater au sein d\u2019une entreprise : Inauguration d\u2019espace, lancement de produit, f\u00eate de fin d\u2019ann\u00e9e, f\u00eate d\u2019anniversaire, pot de d\u00e9part\u2026<\/p>\n<p>LM Events sait adapter son savoir au diff\u00e9rents types de prestations souhait\u00e9es<\/p>\n<ul>\n<li>Notre service <strong>traiteur<\/strong> saura vous diriger vers la meilleure option pour votre r\u00e9ception (buffet, cocktail d\u00eenatoire\/d\u00e9jeunatoire, d\u00eeners assis\u2026)<\/li>\n<li>Nos diff\u00e9rents <strong>services<\/strong> compl\u00e9teront votre manifestation (service voiturier, camion loge, personnel de s\u00e9curit\u00e9\u2026)<\/li>\n<\/ul>\n<p>[\/vc_column_text]\n\t\t<div class=\"tm-vc_btn3-container tm-vc_btn3-inline\"><a class=\"tm-vc_general tm-vc_btn3 tm-vc_btn3-size-md tm-vc_btn3-shape-round tm-vc_btn3-style-flat tm-vc_btn3-weight-no tm-vc_btn3-color-skincolor\" href=\"https:\/\/lm-vexin.fr\/index.php\/contact-us\/\" title=\"Contactez-nous\">Contactez-nous pour plus d'informations !<\/a><\/div>[\/vc_column][\/vc_row][vc_row tm_bgcolor=\u00a0\u00bbwhite\u00a0\u00bb tm_bgimagefixed=\u00a0\u00bb\u00a0\u00bb full_width=\u00a0\u00bbstretch_row\u00a0\u00bb css=\u00a0\u00bb.vc_custom_1622107991432{padding-top: 40px !important;padding-bottom: 40px !important;}\u00a0\u00bb][vc_column]\n\t\t<div class=\"tm-vc_btn3-container tm-vc_btn3-center\"><a class=\"tm-vc_general tm-vc_btn3 tm-vc_btn3-size-lg tm-vc_btn3-shape-round tm-vc_btn3-style-flat tm-vc_btn3-weight-no tm-vc_btn3-color-skincolor\" href=\"https:\/\/lm-vexin.fr\/index.php\/estimez-votre-evenement-en-quelques-clics-seulement\/\" title=\"Estimez votre \u00e9v\u00e9nement en quelques clics seulement !\">Faire estimer mon devis<\/a><\/div>[\/vc_column][vc_column]<h3 style=\"text-align:center;font-size:45px;line-height:45px;font-family:'Roboto',Arial,Helvetica;font-weight:700;\" class=\"tm-custom-heading vc_custom_1622466640234\" >Nos services pour assurer la r\u00e9ussite de vos soir\u00e9es<\/h3>\n[vc_zigzag color=\u00a0\u00bbblack\u00a0\u00bb el_width=\u00a0\u00bb60&Prime; css=\u00a0\u00bb.vc_custom_1622107584331{margin-bottom: 20px !important;}\u00a0\u00bb][vc_row_inner content_placement=\u00a0\u00bbmiddle\u00a0\u00bb][vc_column_inner width=\u00a0\u00bb1\/2&Prime;]<ul class=\"tm-list tm-list-style-icon tm-list-icon-color-skincolor tm- tm-icon-skincolor tm-list-textsize- tm-list-icon-library-fontawesome\"><li><i class=\"tm-skincolor fa fa-check\"><\/i>  <span class=\"tm-list-li-content\">Vaisselles & mobiliers<\/span><\/li><li><i class=\"tm-skincolor fa fa-check\"><\/i>  <span class=\"tm-list-li-content\">Image \/ Son & Lumi\u00e8res<\/span><\/li><li><i class=\"tm-skincolor fa fa-check\"><\/i>  <span class=\"tm-list-li-content\">Gonflables & Animations enfants<\/span><\/li><li><i class=\"tm-skincolor fa fa-check\"><\/i>  <span class=\"tm-list-li-content\">D\u00e9guisement babar<\/span><\/li><\/ul>[\/vc_column_inner][vc_column_inner width=\u00a0\u00bb1\/2&Prime;]<ul class=\"tm-list tm-list-style-icon tm-list-icon-color-skincolor tm- tm-icon-skincolor tm-list-textsize- tm-list-icon-library-fontawesome\"><li><i class=\"tm-skincolor fa fa-check\"><\/i>  <span class=\"tm-list-li-content\">Location de salle & lieu d'exception<\/span><\/li><li><i class=\"tm-skincolor fa fa-check\"><\/i>  <span class=\"tm-list-li-content\">D\u00e9coration<\/span><\/li><li><i class=\"tm-skincolor fa fa-check\"><\/i>  <span class=\"tm-list-li-content\">Animations musicales<\/span><\/li><li><i class=\"tm-skincolor fa fa-check\"><\/i>  <span class=\"tm-list-li-content\">Camion loge \/ WC mobiles<\/span><\/li><\/ul>[\/vc_column_inner][\/vc_row_inner][\/vc_column][\/vc_row][vc_row tm_bgcolor=\u00a0\u00bbskincolor\u00a0\u00bb tm_bgimagefixed=\u00a0\u00bb\u00a0\u00bb full_width=\u00a0\u00bbstretch_row\u00a0\u00bb css=\u00a0\u00bb.vc_custom_1622108086003{padding-top: 40px !important;padding-bottom: 40px !important;}\u00a0\u00bb][vc_column]<h5 style=\"text-align:center;font-size:45px;line-height:45px;font-family:'Roboto',Arial,Helvetica;font-weight:700;\" class=\"tm-custom-heading vc_custom_1622107368046\" >Notre \u00e9quipe r\u00e9pond \u00e0 vos questions<\/h5>\n[vc_zigzag color=\u00a0\u00bbwhite\u00a0\u00bb el_width=\u00a0\u00bb60&Prime; css=\u00a0\u00bb.vc_custom_1622107376261{margin-bottom: 20px !important;}\u00a0\u00bb][vc_tta_accordion color=\u00a0\u00bbskincolor\u00a0\u00bb gap=\u00a0\u00bb5&Prime; active_section=\u00a0\u00bb1&Prime;][vc_tta_section title=\u00a0\u00bbNous aimerions faire une soir\u00e9e d\u2019entreprise dans un pub ou un espace lounge, c&rsquo;est possible ?\u00a0\u00bb tab_id=\u00a0\u00bb1539845763352-7e95fcf4-6e940c02-9ec7&Prime;][vc_column_text]Bien-s\u00fbr !<br \/>\nNous avons la possibilit\u00e9 de privatiser un espace club o\u00f9 vous pourrez accueillir l\u2019ensemble de vos collaborateurs dans une ambiance festive.[\/vc_column_text][\/vc_tta_section][vc_tta_section title=\u00a0\u00bbPouvez vous nous proposer une ou plusieurs animations pour notre soir\u00e9e ?\u00a0\u00bb tab_id=\u00a0\u00bb1539845763408-c1c719c9-cbe40c02-9ec7&Prime;][vc_column_text]Absolument.<br \/>\nAu fil de nos r\u00e9ceptions nous avons rencontr\u00e9 diff\u00e9rents partenaires proposant diff\u00e9rentes animations (musicien, chanteur, magicien, show br\u00e9silien&#8230;) que nous vous sugg\u00e9rerons volontiers.[\/vc_column_text][\/vc_tta_section][vc_tta_section title=\u00a0\u00bbQue pouvez vous nous proposer en formule traiteur ?\u00a0\u00bb tab_id=\u00a0\u00bb1539845872778-311cebec-af9f0c02-9ec7&Prime;][vc_column_text]Nos traiteurs partenaires vous proposeront des formules en fonction de la p\u00e9riode, des horaires, de la dur\u00e9e, etc &#8230;[\/vc_column_text][\/vc_tta_section][\/vc_tta_accordion][\/vc_column][\/vc_row]<\/p>\n<\/div>","protected":false},"excerpt":{"rendered":"<p>[vc_row tm_bgimagefixed=\u00a0\u00bb\u00a0\u00bb full_width=\u00a0\u00bbstretch_row\u00a0\u00bb][vc_column][\/vc_column][\/vc_row][vc_row tm_bgimagefixed=\u00a0\u00bb\u00a0\u00bb css=\u00a0\u00bb.vc_custom_1622116787962{margin-bottom: 30px !important;}\u00a0\u00bb][vc_column width=\u00a0\u00bb1\/2&Prime;][vc_single_image image=\u00a0\u00bb5234&Prime; img_size=\u00a0\u00bbfull\u00a0\u00bb][\/vc_column][vc_column width=\u00a0\u00bb1\/2&Prime;][vc_column_text]Nombreux sont les \u00e9v\u00e9nements \u00e0 f\u00eater au sein d\u2019une entreprise : Inauguration d\u2019espace, lancement de produit, f\u00eate de fin d\u2019ann\u00e9e, &hellip; <a href=\"https:\/\/lm-vexin.fr\/index.php\/organisation-evenement-ile-de-france-vexin\/soirees-dentreprise\/\" class=\"more-link\">Continue reading <span class=\"screen-reader-text\">Soir\u00e9es d&rsquo;entreprise<\/span><\/a><\/p>\n","protected":false},"author":2,"featured_media":0,"parent":4905,"menu_order":0,"comment_status":"closed","ping_status":"closed","template":"","meta":{"footnotes":""},"class_list":["post-5148","page","type-page","status-publish","hentry"],"yoast_head":"<!-- This site is optimized with the Yoast SEO plugin v25.9 - https:\/\/yoast.com\/wordpress\/plugins\/seo\/ -->\n<title>Soir\u00e9es d&#039;entreprise - LM VEXIN - Organisation d&#039;\u00e9v\u00e9nement<\/title>\n<meta name=\"robots\" content=\"index, follow, max-snippet:-1, max-image-preview:large, max-video-preview:-1\" \/>\n<link rel=\"canonical\" href=\"https:\/\/lm-vexin.fr\/index.php\/organisation-evenement-ile-de-france-vexin\/soirees-dentreprise\/\" \/>\n<meta property=\"og:locale\" content=\"fr_FR\" \/>\n<meta property=\"og:type\" content=\"article\" \/>\n<meta property=\"og:title\" content=\"Soir\u00e9es d&#039;entreprise - LM VEXIN - Organisation d&#039;\u00e9v\u00e9nement\" \/>\n<meta property=\"og:description\" content=\"[vc_row tm_bgimagefixed=\u00a0\u00bb\u00a0\u00bb full_width=\u00a0\u00bbstretch_row\u00a0\u00bb][vc_column][\/vc_column][\/vc_row][vc_row tm_bgimagefixed=\u00a0\u00bb\u00a0\u00bb css=\u00a0\u00bb.vc_custom_1622116787962{margin-bottom: 30px !important;}\u00a0\u00bb][vc_column width=\u00a0\u00bb1\/2&Prime;][vc_single_image image=\u00a0\u00bb5234&Prime; img_size=\u00a0\u00bbfull\u00a0\u00bb][\/vc_column][vc_column width=\u00a0\u00bb1\/2&Prime;][vc_column_text]Nombreux sont les \u00e9v\u00e9nements \u00e0 f\u00eater au sein d\u2019une entreprise : Inauguration d\u2019espace, lancement de produit, f\u00eate de fin d\u2019ann\u00e9e, &hellip; Continue reading Soir\u00e9es d&rsquo;entreprise\" \/>\n<meta property=\"og:url\" content=\"https:\/\/lm-vexin.fr\/index.php\/organisation-evenement-ile-de-france-vexin\/soirees-dentreprise\/\" \/>\n<meta property=\"og:site_name\" content=\"LM VEXIN - Organisation d&#039;\u00e9v\u00e9nement\" \/>\n<meta property=\"article:modified_time\" content=\"2021-06-30T07:41:22+00:00\" \/>\n<meta name=\"twitter:card\" content=\"summary_large_image\" \/>\n<meta name=\"twitter:label1\" content=\"Dur\u00e9e de lecture estim\u00e9e\" \/>\n\t<meta name=\"twitter:data1\" content=\"3 minutes\" \/>\n<script type=\"application\/ld+json\" class=\"yoast-schema-graph\">{\"@context\":\"https:\/\/schema.org\",\"@graph\":[{\"@type\":\"WebPage\",\"@id\":\"https:\/\/lm-vexin.fr\/index.php\/organisation-evenement-ile-de-france-vexin\/soirees-dentreprise\/\",\"url\":\"https:\/\/lm-vexin.fr\/index.php\/organisation-evenement-ile-de-france-vexin\/soirees-dentreprise\/\",\"name\":\"Soir\u00e9es d'entreprise - LM VEXIN - Organisation d&#039;\u00e9v\u00e9nement\",\"isPartOf\":{\"@id\":\"https:\/\/lm-vexin.fr\/#website\"},\"datePublished\":\"2021-05-31T09:47:42+00:00\",\"dateModified\":\"2021-06-30T07:41:22+00:00\",\"breadcrumb\":{\"@id\":\"https:\/\/lm-vexin.fr\/index.php\/organisation-evenement-ile-de-france-vexin\/soirees-dentreprise\/#breadcrumb\"},\"inLanguage\":\"fr-FR\",\"potentialAction\":[{\"@type\":\"ReadAction\",\"target\":[\"https:\/\/lm-vexin.fr\/index.php\/organisation-evenement-ile-de-france-vexin\/soirees-dentreprise\/\"]}]},{\"@type\":\"BreadcrumbList\",\"@id\":\"https:\/\/lm-vexin.fr\/index.php\/organisation-evenement-ile-de-france-vexin\/soirees-dentreprise\/#breadcrumb\",\"itemListElement\":[{\"@type\":\"ListItem\",\"position\":1,\"name\":\"Home\",\"item\":\"https:\/\/lm-vexin.fr\/\"},{\"@type\":\"ListItem\",\"position\":2,\"name\":\"Organisation d&rsquo;\u00e9v\u00e9nement en Ile de France et dans le Vexin\",\"item\":\"https:\/\/lm-vexin.fr\/index.php\/organisation-evenement-ile-de-france-vexin\/\"},{\"@type\":\"ListItem\",\"position\":3,\"name\":\"Soir\u00e9es d&rsquo;entreprise\"}]},{\"@type\":\"WebSite\",\"@id\":\"https:\/\/lm-vexin.fr\/#website\",\"url\":\"https:\/\/lm-vexin.fr\/\",\"name\":\"LM VEXIN - Organisation d&#039;\u00e9v\u00e9nement\",\"description\":\"VOTRE PARTENAIRE \u00c9V\u00c9NEMENT DE A \u00c0 Z\",\"publisher\":{\"@id\":\"https:\/\/lm-vexin.fr\/#organization\"},\"potentialAction\":[{\"@type\":\"SearchAction\",\"target\":{\"@type\":\"EntryPoint\",\"urlTemplate\":\"https:\/\/lm-vexin.fr\/?s={search_term_string}\"},\"query-input\":{\"@type\":\"PropertyValueSpecification\",\"valueRequired\":true,\"valueName\":\"search_term_string\"}}],\"inLanguage\":\"fr-FR\"},{\"@type\":\"Organization\",\"@id\":\"https:\/\/lm-vexin.fr\/#organization\",\"name\":\"LM VEXIN PARIS\",\"url\":\"https:\/\/lm-vexin.fr\/\",\"logo\":{\"@type\":\"ImageObject\",\"inLanguage\":\"fr-FR\",\"@id\":\"https:\/\/lm-vexin.fr\/#\/schema\/logo\/image\/\",\"url\":\"https:\/\/lm-vexin.fr\/wp-content\/uploads\/2021\/06\/LOGO-WEB-LM-EVENTS-1.png\",\"contentUrl\":\"https:\/\/lm-vexin.fr\/wp-content\/uploads\/2021\/06\/LOGO-WEB-LM-EVENTS-1.png\",\"width\":294,\"height\":85,\"caption\":\"LM VEXIN PARIS\"},\"image\":{\"@id\":\"https:\/\/lm-vexin.fr\/#\/schema\/logo\/image\/\"}}]}<\/script>\n<!-- \/ Yoast SEO plugin. -->","yoast_head_json":{"title":"Soir\u00e9es d'entreprise - LM VEXIN - Organisation d&#039;\u00e9v\u00e9nement","robots":{"index":"index","follow":"follow","max-snippet":"max-snippet:-1","max-image-preview":"max-image-preview:large","max-video-preview":"max-video-preview:-1"},"canonical":"https:\/\/lm-vexin.fr\/index.php\/organisation-evenement-ile-de-france-vexin\/soirees-dentreprise\/","og_locale":"fr_FR","og_type":"article","og_title":"Soir\u00e9es d'entreprise - LM VEXIN - Organisation d&#039;\u00e9v\u00e9nement","og_description":"[vc_row tm_bgimagefixed=\u00a0\u00bb\u00a0\u00bb full_width=\u00a0\u00bbstretch_row\u00a0\u00bb][vc_column][\/vc_column][\/vc_row][vc_row tm_bgimagefixed=\u00a0\u00bb\u00a0\u00bb css=\u00a0\u00bb.vc_custom_1622116787962{margin-bottom: 30px !important;}\u00a0\u00bb][vc_column width=\u00a0\u00bb1\/2&Prime;][vc_single_image image=\u00a0\u00bb5234&Prime; img_size=\u00a0\u00bbfull\u00a0\u00bb][\/vc_column][vc_column width=\u00a0\u00bb1\/2&Prime;][vc_column_text]Nombreux sont les \u00e9v\u00e9nements \u00e0 f\u00eater au sein d\u2019une entreprise : Inauguration d\u2019espace, lancement de produit, f\u00eate de fin d\u2019ann\u00e9e, &hellip; Continue reading Soir\u00e9es d&rsquo;entreprise","og_url":"https:\/\/lm-vexin.fr\/index.php\/organisation-evenement-ile-de-france-vexin\/soirees-dentreprise\/","og_site_name":"LM VEXIN - Organisation d&#039;\u00e9v\u00e9nement","article_modified_time":"2021-06-30T07:41:22+00:00","twitter_card":"summary_large_image","twitter_misc":{"Dur\u00e9e de lecture estim\u00e9e":"3 minutes"},"schema":{"@context":"https:\/\/schema.org","@graph":[{"@type":"WebPage","@id":"https:\/\/lm-vexin.fr\/index.php\/organisation-evenement-ile-de-france-vexin\/soirees-dentreprise\/","url":"https:\/\/lm-vexin.fr\/index.php\/organisation-evenement-ile-de-france-vexin\/soirees-dentreprise\/","name":"Soir\u00e9es d'entreprise - LM VEXIN - Organisation d&#039;\u00e9v\u00e9nement","isPartOf":{"@id":"https:\/\/lm-vexin.fr\/#website"},"datePublished":"2021-05-31T09:47:42+00:00","dateModified":"2021-06-30T07:41:22+00:00","breadcrumb":{"@id":"https:\/\/lm-vexin.fr\/index.php\/organisation-evenement-ile-de-france-vexin\/soirees-dentreprise\/#breadcrumb"},"inLanguage":"fr-FR","potentialAction":[{"@type":"ReadAction","target":["https:\/\/lm-vexin.fr\/index.php\/organisation-evenement-ile-de-france-vexin\/soirees-dentreprise\/"]}]},{"@type":"BreadcrumbList","@id":"https:\/\/lm-vexin.fr\/index.php\/organisation-evenement-ile-de-france-vexin\/soirees-dentreprise\/#breadcrumb","itemListElement":[{"@type":"ListItem","position":1,"name":"Home","item":"https:\/\/lm-vexin.fr\/"},{"@type":"ListItem","position":2,"name":"Organisation d&rsquo;\u00e9v\u00e9nement en Ile de France et dans le Vexin","item":"https:\/\/lm-vexin.fr\/index.php\/organisation-evenement-ile-de-france-vexin\/"},{"@type":"ListItem","position":3,"name":"Soir\u00e9es d&rsquo;entreprise"}]},{"@type":"WebSite","@id":"https:\/\/lm-vexin.fr\/#website","url":"https:\/\/lm-vexin.fr\/","name":"LM VEXIN - Organisation d&#039;\u00e9v\u00e9nement","description":"VOTRE PARTENAIRE \u00c9V\u00c9NEMENT DE A \u00c0 Z","publisher":{"@id":"https:\/\/lm-vexin.fr\/#organization"},"potentialAction":[{"@type":"SearchAction","target":{"@type":"EntryPoint","urlTemplate":"https:\/\/lm-vexin.fr\/?s={search_term_string}"},"query-input":{"@type":"PropertyValueSpecification","valueRequired":true,"valueName":"search_term_string"}}],"inLanguage":"fr-FR"},{"@type":"Organization","@id":"https:\/\/lm-vexin.fr\/#organization","name":"LM VEXIN PARIS","url":"https:\/\/lm-vexin.fr\/","logo":{"@type":"ImageObject","inLanguage":"fr-FR","@id":"https:\/\/lm-vexin.fr\/#\/schema\/logo\/image\/","url":"https:\/\/lm-vexin.fr\/wp-content\/uploads\/2021\/06\/LOGO-WEB-LM-EVENTS-1.png","contentUrl":"https:\/\/lm-vexin.fr\/wp-content\/uploads\/2021\/06\/LOGO-WEB-LM-EVENTS-1.png","width":294,"height":85,"caption":"LM VEXIN PARIS"},"image":{"@id":"https:\/\/lm-vexin.fr\/#\/schema\/logo\/image\/"}}]}},"_links":{"self":[{"href":"https:\/\/lm-vexin.fr\/index.php\/wp-json\/wp\/v2\/pages\/5148","targetHints":{"allow":["GET"]}}],"collection":[{"href":"https:\/\/lm-vexin.fr\/index.php\/wp-json\/wp\/v2\/pages"}],"about":[{"href":"https:\/\/lm-vexin.fr\/index.php\/wp-json\/wp\/v2\/types\/page"}],"author":[{"embeddable":true,"href":"https:\/\/lm-vexin.fr\/index.php\/wp-json\/wp\/v2\/users\/2"}],"replies":[{"embeddable":true,"href":"https:\/\/lm-vexin.fr\/index.php\/wp-json\/wp\/v2\/comments?post=5148"}],"version-history":[{"count":11,"href":"https:\/\/lm-vexin.fr\/index.php\/wp-json\/wp\/v2\/pages\/5148\/revisions"}],"predecessor-version":[{"id":5232,"href":"https:\/\/lm-vexin.fr\/index.php\/wp-json\/wp\/v2\/pages\/5148\/revisions\/5232"}],"up":[{"embeddable":true,"href":"https:\/\/lm-vexin.fr\/index.php\/wp-json\/wp\/v2\/pages\/4905"}],"wp:attachment":[{"href":"https:\/\/lm-vexin.fr\/index.php\/wp-json\/wp\/v2\/media?parent=5148"}],"curies":[{"name":"wp","href":"https:\/\/api.w.org\/{rel}","templated":true}]}}