{"id":5176,"date":"2021-05-31T09:54:44","date_gmt":"2021-05-31T09:54:44","guid":{"rendered":"https:\/\/lmevents.groupe-aplus.fr\/?page_id=5176"},"modified":"2021-06-30T07:42:24","modified_gmt":"2021-06-30T07:42:24","slug":"autres-festivites-2","status":"publish","type":"page","link":"https:\/\/lm-vexin.fr\/index.php\/organisation-evenement-ile-de-france-vexin\/autres-festivites-2\/","title":{"rendered":"Autres festivit\u00e9s"},"content":{"rendered":"<div class=\"wpb-content-wrapper\"><p>[vc_row tm_bgimagefixed=\u00a0\u00bb\u00a0\u00bb full_width=\u00a0\u00bbstretch_row\u00a0\u00bb][vc_column]<div class=\"tm-element-heading-wrapper tm-heading-inner tm-element-align-center tm-seperator-solid tm-heading-style-vertical tm-overlay-subheading\"><section class=\"tm-vc_cta3-container\"><div class=\"tm-vc_general tm-vc_cta3 tm-cta3-only tm-vc_cta3-style-classic tm-vc_cta3-shape-rounded tm-vc_cta3-align-center tm-vc_cta3-color-transparent tm-vc_cta3-icon-size-md tm-vc_cta3-actions-no tm-cta3-without-desc\"><div class=\"tm-vc_cta3_content-container\"><div class=\"tm-vc_cta3-content\"><header class=\"tm-vc_cta3-content-header tm-wrap\"><div class=\"tm-vc_cta3-headers tm-wrap-cell\"><h4 class=\"tm-custom-heading \" >Organisateur de f\u00eates<\/h4>\n<h2 class=\"tm-custom-heading \" >Organisateur de f\u00eates en tout genre avec une \u00e9quipe d'experts au service de la r\u00e9ussite de votre \u00e9v\u00e9nement<\/h2>\n<\/div><div class=\"heading-seperator\"><span><\/span><\/div><\/header><\/div><\/div><\/div><\/section><\/div> <!-- .tm-element-heading-wrapper container --> [\/vc_column][\/vc_row][vc_row tm_bgimagefixed=\u00a0\u00bb\u00a0\u00bb css=\u00a0\u00bb.vc_custom_1622116787962{margin-bottom: 30px !important;}\u00a0\u00bb][vc_column width=\u00a0\u00bb1\/2&Prime;][vc_single_image image=\u00a0\u00bb5241&Prime; img_size=\u00a0\u00bbfull\u00a0\u00bb][\/vc_column][vc_column width=\u00a0\u00bb1\/2&Prime;][vc_column_text]Ev\u00e9nements personnels (EVJF, baby shower, bapt\u00eame\u2026) ou professionnels (Lancement de produit, Teambuilding, formations \u2026) nous seront pr\u00e9sents pour vous organiser la r\u00e9ception \u00ab cl\u00e9 en main \u00bb souhait\u00e9e dans le budget demand\u00e9.<\/p>\n<p>Avec des centaines de festivit\u00e9s r\u00e9alis\u00e9es, LM VEXIN vous apporte son expertise et tout son savoir faire pour faire de cette journ\u00e9e un \u00e9v\u00e9nement inoubliable.<\/p>\n<ul>\n<li><strong>Fiabilit\u00e9 et cr\u00e9ativit\u00e9<\/strong>, notre \u00e9quipe est une valeur s\u00fbr dans l&rsquo;organisation de votre festivit\u00e9.<strong><br \/>\n<\/strong><\/li>\n<li><strong>Le \u201csur mesure\u201d et le \u201ccl\u00e9 en main\u201d<\/strong>, Chaque d\u00e9tail compte pour la r\u00e9ussite de votre festivit\u00e9.<\/li>\n<li><strong>Nous optimisons votre budget et nous \u00e9vitons les d\u00e9penses inutiles.<br \/>\n<\/strong><\/li>\n<li><strong>Vous \u00e9vite la fatigue, le stress et le risque de passer \u00e0 c\u00f4t\u00e9 de la r\u00e9ussite de votre \u00e9v\u00e9nement.<\/strong><\/li>\n<\/ul>\n<p>[\/vc_column_text]\n\t\t<div class=\"tm-vc_btn3-container tm-vc_btn3-inline\"><a class=\"tm-vc_general tm-vc_btn3 tm-vc_btn3-size-md tm-vc_btn3-shape-round tm-vc_btn3-style-flat tm-vc_btn3-weight-no tm-vc_btn3-icon-left tm-vc_btn3-color-skincolor\" href=\"https:\/\/lm-vexin.fr\/index.php\/contact-us\/\" title=\"Contactez-nous\"><i class=\"tm-vc_btn3-icon fa fa-paper-plane-o\"><\/i> Contactez-nous pour plus d'informations !<\/a><\/div>[\/vc_column][\/vc_row][vc_row][vc_column]\n\t\t<div class=\"tm-vc_btn3-container tm-vc_btn3-center\"><a class=\"tm-vc_general tm-vc_btn3 tm-vc_btn3-size-lg tm-vc_btn3-shape-round tm-vc_btn3-style-flat tm-vc_btn3-weight-no tm-vc_btn3-color-skincolor\" href=\"https:\/\/lm-vexin.fr\/index.php\/estimez-votre-evenement-en-quelques-clics-seulement\/\" title=\"Estimez votre \u00e9v\u00e9nement en quelques clics seulement !\">Faire estimer mon devis<\/a><\/div>[\/vc_column][\/vc_row][vc_row tm_bgcolor=\u00a0\u00bbwhite\u00a0\u00bb tm_bgimagefixed=\u00a0\u00bb\u00a0\u00bb full_width=\u00a0\u00bbstretch_row\u00a0\u00bb css=\u00a0\u00bb.vc_custom_1622107991432{padding-top: 40px !important;padding-bottom: 40px !important;}\u00a0\u00bb][vc_column]<h3 style=\"text-align:center;font-size:45px;line-height:45px;font-family:'Roboto',Arial,Helvetica;font-weight:700;\" class=\"tm-custom-heading vc_custom_1622467352882\" >Nos services pour assurer la r\u00e9ussite de vos festivit\u00e9s<\/h3>\n[vc_zigzag color=\u00a0\u00bbblack\u00a0\u00bb el_width=\u00a0\u00bb60&Prime; css=\u00a0\u00bb.vc_custom_1622107584331{margin-bottom: 20px !important;}\u00a0\u00bb][vc_row_inner content_placement=\u00a0\u00bbmiddle\u00a0\u00bb][vc_column_inner width=\u00a0\u00bb1\/2&Prime;]<ul class=\"tm-list tm-list-style-icon tm-list-icon-color-skincolor tm- tm-icon-skincolor tm-list-textsize- tm-list-icon-library-fontawesome\"><li><i class=\"tm-skincolor fa fa-check\"><\/i>  <span class=\"tm-list-li-content\">Vaisselles & mobiliers<\/span><\/li><li><i class=\"tm-skincolor fa fa-check\"><\/i>  <span class=\"tm-list-li-content\">Image \/ Son & Lumi\u00e8res<\/span><\/li><li><i class=\"tm-skincolor fa fa-check\"><\/i>  <span class=\"tm-list-li-content\">Gonflables & Animations enfants<\/span><\/li><li><i class=\"tm-skincolor fa fa-check\"><\/i>  <span class=\"tm-list-li-content\">D\u00e9guisement babar<\/span><\/li><\/ul>[\/vc_column_inner][vc_column_inner width=\u00a0\u00bb1\/2&Prime;]<ul class=\"tm-list tm-list-style-icon tm-list-icon-color-skincolor tm- tm-icon-skincolor tm-list-textsize- tm-list-icon-library-fontawesome\"><li><i class=\"tm-skincolor fa fa-check\"><\/i>  <span class=\"tm-list-li-content\">Location de salle & lieu d'exception<\/span><\/li><li><i class=\"tm-skincolor fa fa-check\"><\/i>  <span class=\"tm-list-li-content\">D\u00e9coration<\/span><\/li><li><i class=\"tm-skincolor fa fa-check\"><\/i>  <span class=\"tm-list-li-content\">Animations musicales<\/span><\/li><li><i class=\"tm-skincolor fa fa-check\"><\/i>  <span class=\"tm-list-li-content\">Camion loge \/ WC mobiles<\/span><\/li><\/ul>[\/vc_column_inner][\/vc_row_inner][\/vc_column][\/vc_row][vc_row tm_bgcolor=\u00a0\u00bbskincolor\u00a0\u00bb tm_bgimagefixed=\u00a0\u00bb\u00a0\u00bb full_width=\u00a0\u00bbstretch_row\u00a0\u00bb css=\u00a0\u00bb.vc_custom_1622108086003{padding-top: 40px !important;padding-bottom: 40px !important;}\u00a0\u00bb][vc_column]<h5 style=\"text-align:center;font-size:45px;line-height:45px;font-family:'Roboto',Arial,Helvetica;font-weight:700;\" class=\"tm-custom-heading vc_custom_1622107368046\" >Notre \u00e9quipe r\u00e9pond \u00e0 vos questions<\/h5>\n[vc_zigzag color=\u00a0\u00bbwhite\u00a0\u00bb el_width=\u00a0\u00bb60&Prime; css=\u00a0\u00bb.vc_custom_1622107376261{margin-bottom: 20px !important;}\u00a0\u00bb][vc_tta_accordion color=\u00a0\u00bbskincolor\u00a0\u00bb gap=\u00a0\u00bb5&Prime; active_section=\u00a0\u00bb1&Prime;][vc_tta_section title=\u00a0\u00bbNous avons une journ\u00e9e formation en entreprise pouvez vous nous proposer le mat\u00e9riel et le traiteur ?\u00a0\u00bb tab_id=\u00a0\u00bb1539845763352-7e95fcf4-6e940c02-9ec7&Prime;][vc_column_text]Bien s\u00fbr.<br \/>\nPour vos journ\u00e9es formations nous sommes encore une fois votre prestataire cl\u00e9 en main avec accueil petit d\u00e9jeuner \/ pause matin \/ buffet d\u00e9jeunatoire et pause apr\u00e8s midi[\/vc_column_text][\/vc_tta_section][vc_tta_section title=\u00a0\u00bbNous souhaitons faire un pot de d\u00e9part mais nous avons un petit budget, comment faire ?\u00a0\u00bb tab_id=\u00a0\u00bb1539845763408-c1c719c9-cbe40c02-9ec7&Prime;][vc_column_text]Afin de satisfaire vos envies, LM Events saura s&rsquo;adapter \u00e0 votre budget.[\/vc_column_text][\/vc_tta_section][\/vc_tta_accordion][\/vc_column][\/vc_row]<\/p>\n<\/div>","protected":false},"excerpt":{"rendered":"<p>[vc_row tm_bgimagefixed=\u00a0\u00bb\u00a0\u00bb full_width=\u00a0\u00bbstretch_row\u00a0\u00bb][vc_column][\/vc_column][\/vc_row][vc_row tm_bgimagefixed=\u00a0\u00bb\u00a0\u00bb css=\u00a0\u00bb.vc_custom_1622116787962{margin-bottom: 30px !important;}\u00a0\u00bb][vc_column width=\u00a0\u00bb1\/2&Prime;][vc_single_image image=\u00a0\u00bb5241&Prime; img_size=\u00a0\u00bbfull\u00a0\u00bb][\/vc_column][vc_column width=\u00a0\u00bb1\/2&Prime;][vc_column_text]Ev\u00e9nements personnels (EVJF, baby shower, bapt\u00eame\u2026) ou professionnels (Lancement de produit, Teambuilding, formations \u2026) nous seront pr\u00e9sents pour vous organiser &hellip; <a href=\"https:\/\/lm-vexin.fr\/index.php\/organisation-evenement-ile-de-france-vexin\/autres-festivites-2\/\" class=\"more-link\">Continue reading <span class=\"screen-reader-text\">Autres festivit\u00e9s<\/span><\/a><\/p>\n","protected":false},"author":2,"featured_media":0,"parent":4905,"menu_order":0,"comment_status":"closed","ping_status":"closed","template":"","meta":{"footnotes":""},"class_list":["post-5176","page","type-page","status-publish","hentry"],"yoast_head":"<!-- This site is optimized with the Yoast SEO plugin v25.9 - https:\/\/yoast.com\/wordpress\/plugins\/seo\/ -->\n<title>Autres festivit\u00e9s - LM VEXIN - Organisation d&#039;\u00e9v\u00e9nement<\/title>\n<meta name=\"robots\" content=\"index, follow, max-snippet:-1, max-image-preview:large, max-video-preview:-1\" \/>\n<link rel=\"canonical\" href=\"https:\/\/lm-vexin.fr\/index.php\/organisation-evenement-ile-de-france-vexin\/autres-festivites-2\/\" \/>\n<meta property=\"og:locale\" content=\"fr_FR\" \/>\n<meta property=\"og:type\" content=\"article\" \/>\n<meta property=\"og:title\" content=\"Autres festivit\u00e9s - LM VEXIN - Organisation d&#039;\u00e9v\u00e9nement\" \/>\n<meta property=\"og:description\" content=\"[vc_row tm_bgimagefixed=\u00a0\u00bb\u00a0\u00bb full_width=\u00a0\u00bbstretch_row\u00a0\u00bb][vc_column][\/vc_column][\/vc_row][vc_row tm_bgimagefixed=\u00a0\u00bb\u00a0\u00bb css=\u00a0\u00bb.vc_custom_1622116787962{margin-bottom: 30px !important;}\u00a0\u00bb][vc_column width=\u00a0\u00bb1\/2&Prime;][vc_single_image image=\u00a0\u00bb5241&Prime; img_size=\u00a0\u00bbfull\u00a0\u00bb][\/vc_column][vc_column width=\u00a0\u00bb1\/2&Prime;][vc_column_text]Ev\u00e9nements personnels (EVJF, baby shower, bapt\u00eame\u2026) ou professionnels (Lancement de produit, Teambuilding, formations \u2026) nous seront pr\u00e9sents pour vous organiser &hellip; Continue reading Autres festivit\u00e9s\" \/>\n<meta property=\"og:url\" content=\"https:\/\/lm-vexin.fr\/index.php\/organisation-evenement-ile-de-france-vexin\/autres-festivites-2\/\" \/>\n<meta property=\"og:site_name\" content=\"LM VEXIN - Organisation d&#039;\u00e9v\u00e9nement\" \/>\n<meta property=\"article:modified_time\" content=\"2021-06-30T07:42:24+00:00\" \/>\n<meta name=\"twitter:card\" content=\"summary_large_image\" \/>\n<meta name=\"twitter:label1\" content=\"Dur\u00e9e de lecture estim\u00e9e\" \/>\n\t<meta name=\"twitter:data1\" content=\"4 minutes\" \/>\n<script type=\"application\/ld+json\" class=\"yoast-schema-graph\">{\"@context\":\"https:\/\/schema.org\",\"@graph\":[{\"@type\":\"WebPage\",\"@id\":\"https:\/\/lm-vexin.fr\/index.php\/organisation-evenement-ile-de-france-vexin\/autres-festivites-2\/\",\"url\":\"https:\/\/lm-vexin.fr\/index.php\/organisation-evenement-ile-de-france-vexin\/autres-festivites-2\/\",\"name\":\"Autres festivit\u00e9s - LM VEXIN - Organisation d&#039;\u00e9v\u00e9nement\",\"isPartOf\":{\"@id\":\"https:\/\/lm-vexin.fr\/#website\"},\"datePublished\":\"2021-05-31T09:54:44+00:00\",\"dateModified\":\"2021-06-30T07:42:24+00:00\",\"breadcrumb\":{\"@id\":\"https:\/\/lm-vexin.fr\/index.php\/organisation-evenement-ile-de-france-vexin\/autres-festivites-2\/#breadcrumb\"},\"inLanguage\":\"fr-FR\",\"potentialAction\":[{\"@type\":\"ReadAction\",\"target\":[\"https:\/\/lm-vexin.fr\/index.php\/organisation-evenement-ile-de-france-vexin\/autres-festivites-2\/\"]}]},{\"@type\":\"BreadcrumbList\",\"@id\":\"https:\/\/lm-vexin.fr\/index.php\/organisation-evenement-ile-de-france-vexin\/autres-festivites-2\/#breadcrumb\",\"itemListElement\":[{\"@type\":\"ListItem\",\"position\":1,\"name\":\"Home\",\"item\":\"https:\/\/lm-vexin.fr\/\"},{\"@type\":\"ListItem\",\"position\":2,\"name\":\"Organisation d&rsquo;\u00e9v\u00e9nement en Ile de France et dans le Vexin\",\"item\":\"https:\/\/lm-vexin.fr\/index.php\/organisation-evenement-ile-de-france-vexin\/\"},{\"@type\":\"ListItem\",\"position\":3,\"name\":\"Autres festivit\u00e9s\"}]},{\"@type\":\"WebSite\",\"@id\":\"https:\/\/lm-vexin.fr\/#website\",\"url\":\"https:\/\/lm-vexin.fr\/\",\"name\":\"LM VEXIN - Organisation d&#039;\u00e9v\u00e9nement\",\"description\":\"VOTRE PARTENAIRE \u00c9V\u00c9NEMENT DE A \u00c0 Z\",\"publisher\":{\"@id\":\"https:\/\/lm-vexin.fr\/#organization\"},\"potentialAction\":[{\"@type\":\"SearchAction\",\"target\":{\"@type\":\"EntryPoint\",\"urlTemplate\":\"https:\/\/lm-vexin.fr\/?s={search_term_string}\"},\"query-input\":{\"@type\":\"PropertyValueSpecification\",\"valueRequired\":true,\"valueName\":\"search_term_string\"}}],\"inLanguage\":\"fr-FR\"},{\"@type\":\"Organization\",\"@id\":\"https:\/\/lm-vexin.fr\/#organization\",\"name\":\"LM VEXIN PARIS\",\"url\":\"https:\/\/lm-vexin.fr\/\",\"logo\":{\"@type\":\"ImageObject\",\"inLanguage\":\"fr-FR\",\"@id\":\"https:\/\/lm-vexin.fr\/#\/schema\/logo\/image\/\",\"url\":\"https:\/\/lm-vexin.fr\/wp-content\/uploads\/2021\/06\/LOGO-WEB-LM-EVENTS-1.png\",\"contentUrl\":\"https:\/\/lm-vexin.fr\/wp-content\/uploads\/2021\/06\/LOGO-WEB-LM-EVENTS-1.png\",\"width\":294,\"height\":85,\"caption\":\"LM VEXIN PARIS\"},\"image\":{\"@id\":\"https:\/\/lm-vexin.fr\/#\/schema\/logo\/image\/\"}}]}<\/script>\n<!-- \/ Yoast SEO plugin. -->","yoast_head_json":{"title":"Autres festivit\u00e9s - LM VEXIN - Organisation d&#039;\u00e9v\u00e9nement","robots":{"index":"index","follow":"follow","max-snippet":"max-snippet:-1","max-image-preview":"max-image-preview:large","max-video-preview":"max-video-preview:-1"},"canonical":"https:\/\/lm-vexin.fr\/index.php\/organisation-evenement-ile-de-france-vexin\/autres-festivites-2\/","og_locale":"fr_FR","og_type":"article","og_title":"Autres festivit\u00e9s - LM VEXIN - Organisation d&#039;\u00e9v\u00e9nement","og_description":"[vc_row tm_bgimagefixed=\u00a0\u00bb\u00a0\u00bb full_width=\u00a0\u00bbstretch_row\u00a0\u00bb][vc_column][\/vc_column][\/vc_row][vc_row tm_bgimagefixed=\u00a0\u00bb\u00a0\u00bb css=\u00a0\u00bb.vc_custom_1622116787962{margin-bottom: 30px !important;}\u00a0\u00bb][vc_column width=\u00a0\u00bb1\/2&Prime;][vc_single_image image=\u00a0\u00bb5241&Prime; img_size=\u00a0\u00bbfull\u00a0\u00bb][\/vc_column][vc_column width=\u00a0\u00bb1\/2&Prime;][vc_column_text]Ev\u00e9nements personnels (EVJF, baby shower, bapt\u00eame\u2026) ou professionnels (Lancement de produit, Teambuilding, formations \u2026) nous seront pr\u00e9sents pour vous organiser &hellip; Continue reading Autres festivit\u00e9s","og_url":"https:\/\/lm-vexin.fr\/index.php\/organisation-evenement-ile-de-france-vexin\/autres-festivites-2\/","og_site_name":"LM VEXIN - Organisation d&#039;\u00e9v\u00e9nement","article_modified_time":"2021-06-30T07:42:24+00:00","twitter_card":"summary_large_image","twitter_misc":{"Dur\u00e9e de lecture estim\u00e9e":"4 minutes"},"schema":{"@context":"https:\/\/schema.org","@graph":[{"@type":"WebPage","@id":"https:\/\/lm-vexin.fr\/index.php\/organisation-evenement-ile-de-france-vexin\/autres-festivites-2\/","url":"https:\/\/lm-vexin.fr\/index.php\/organisation-evenement-ile-de-france-vexin\/autres-festivites-2\/","name":"Autres festivit\u00e9s - LM VEXIN - Organisation d&#039;\u00e9v\u00e9nement","isPartOf":{"@id":"https:\/\/lm-vexin.fr\/#website"},"datePublished":"2021-05-31T09:54:44+00:00","dateModified":"2021-06-30T07:42:24+00:00","breadcrumb":{"@id":"https:\/\/lm-vexin.fr\/index.php\/organisation-evenement-ile-de-france-vexin\/autres-festivites-2\/#breadcrumb"},"inLanguage":"fr-FR","potentialAction":[{"@type":"ReadAction","target":["https:\/\/lm-vexin.fr\/index.php\/organisation-evenement-ile-de-france-vexin\/autres-festivites-2\/"]}]},{"@type":"BreadcrumbList","@id":"https:\/\/lm-vexin.fr\/index.php\/organisation-evenement-ile-de-france-vexin\/autres-festivites-2\/#breadcrumb","itemListElement":[{"@type":"ListItem","position":1,"name":"Home","item":"https:\/\/lm-vexin.fr\/"},{"@type":"ListItem","position":2,"name":"Organisation d&rsquo;\u00e9v\u00e9nement en Ile de France et dans le Vexin","item":"https:\/\/lm-vexin.fr\/index.php\/organisation-evenement-ile-de-france-vexin\/"},{"@type":"ListItem","position":3,"name":"Autres festivit\u00e9s"}]},{"@type":"WebSite","@id":"https:\/\/lm-vexin.fr\/#website","url":"https:\/\/lm-vexin.fr\/","name":"LM VEXIN - Organisation d&#039;\u00e9v\u00e9nement","description":"VOTRE PARTENAIRE \u00c9V\u00c9NEMENT DE A \u00c0 Z","publisher":{"@id":"https:\/\/lm-vexin.fr\/#organization"},"potentialAction":[{"@type":"SearchAction","target":{"@type":"EntryPoint","urlTemplate":"https:\/\/lm-vexin.fr\/?s={search_term_string}"},"query-input":{"@type":"PropertyValueSpecification","valueRequired":true,"valueName":"search_term_string"}}],"inLanguage":"fr-FR"},{"@type":"Organization","@id":"https:\/\/lm-vexin.fr\/#organization","name":"LM VEXIN PARIS","url":"https:\/\/lm-vexin.fr\/","logo":{"@type":"ImageObject","inLanguage":"fr-FR","@id":"https:\/\/lm-vexin.fr\/#\/schema\/logo\/image\/","url":"https:\/\/lm-vexin.fr\/wp-content\/uploads\/2021\/06\/LOGO-WEB-LM-EVENTS-1.png","contentUrl":"https:\/\/lm-vexin.fr\/wp-content\/uploads\/2021\/06\/LOGO-WEB-LM-EVENTS-1.png","width":294,"height":85,"caption":"LM VEXIN PARIS"},"image":{"@id":"https:\/\/lm-vexin.fr\/#\/schema\/logo\/image\/"}}]}},"_links":{"self":[{"href":"https:\/\/lm-vexin.fr\/index.php\/wp-json\/wp\/v2\/pages\/5176","targetHints":{"allow":["GET"]}}],"collection":[{"href":"https:\/\/lm-vexin.fr\/index.php\/wp-json\/wp\/v2\/pages"}],"about":[{"href":"https:\/\/lm-vexin.fr\/index.php\/wp-json\/wp\/v2\/types\/page"}],"author":[{"embeddable":true,"href":"https:\/\/lm-vexin.fr\/index.php\/wp-json\/wp\/v2\/users\/2"}],"replies":[{"embeddable":true,"href":"https:\/\/lm-vexin.fr\/index.php\/wp-json\/wp\/v2\/comments?post=5176"}],"version-history":[{"count":10,"href":"https:\/\/lm-vexin.fr\/index.php\/wp-json\/wp\/v2\/pages\/5176\/revisions"}],"predecessor-version":[{"id":5650,"href":"https:\/\/lm-vexin.fr\/index.php\/wp-json\/wp\/v2\/pages\/5176\/revisions\/5650"}],"up":[{"embeddable":true,"href":"https:\/\/lm-vexin.fr\/index.php\/wp-json\/wp\/v2\/pages\/4905"}],"wp:attachment":[{"href":"https:\/\/lm-vexin.fr\/index.php\/wp-json\/wp\/v2\/media?parent=5176"}],"curies":[{"name":"wp","href":"https:\/\/api.w.org\/{rel}","templated":true}]}}