{"id":5289,"date":"2021-06-03T12:56:35","date_gmt":"2021-06-03T12:56:35","guid":{"rendered":"https:\/\/lmevents.groupe-aplus.fr\/?page_id=5289"},"modified":"2021-06-15T07:37:05","modified_gmt":"2021-06-15T07:37:05","slug":"service-decoration","status":"publish","type":"page","link":"https:\/\/lm-vexin.fr\/index.php\/service-decoration\/","title":{"rendered":"Service D\u00e9coration"},"content":{"rendered":"<div class=\"wpb-content-wrapper\"><p>[vc_row][vc_column]<div class=\"tm-element-heading-wrapper tm-heading-inner tm-element-align-center tm-seperator-none tm-heading-style-vertical tm-overlay-subheading\"><section class=\"tm-vc_cta3-container\"><div class=\"tm-vc_general tm-vc_cta3 tm-cta3-only tm-vc_cta3-style-classic tm-vc_cta3-shape-rounded tm-vc_cta3-align-center tm-vc_cta3-color-transparent tm-vc_cta3-icon-size-md tm-vc_cta3-actions-no tm-cta3-without-desc\"><div class=\"tm-vc_cta3_content-container\"><div class=\"tm-vc_cta3-content\"><header class=\"tm-vc_cta3-content-header tm-wrap\"><div class=\"tm-vc_cta3-headers tm-wrap-cell\"><h4 class=\"tm-custom-heading \" >Service D\u00e9coration<\/h4>\n<h2 class=\"tm-custom-heading \" >Service D\u00e9coration<\/h2>\n<\/div><div class=\"heading-seperator\"><span><\/span><\/div><\/header><\/div><\/div><\/div><\/section><\/div> <!-- .tm-element-heading-wrapper container --> [vc_column_text]<\/p>\n<h5 style=\"text-align: center;\">Besoin d&rsquo;un coup de pouce pour la d\u00e9coration ? N&rsquo;h\u00e9sitez pas \u00e0 faire appel \u00e0 nos services !<br \/>\nEn effet, LM Events vous propose m\u00eame un service de d\u00e9coration selon vos envies et vos go\u00fbts !<\/h5>\n<p>[\/vc_column_text][\/vc_column][\/vc_row][vc_row][vc_column][vc_tta_tabs alignment=\u00a0\u00bbcenter\u00a0\u00bb active_section=\u00a0\u00bb1&Prime; el_class=\u00a0\u00bbttm-tabstyle-one tm-fluid-menu\u00a0\u00bb][vc_tta_section title=\u00a0\u00bbSERVICE DECORATION\u00a0\u00bb tab_id=\u00a0\u00bb1622115416892-2f7fd0b8-1317336c-98461026-e81d2a4b-cccf\u00a0\u00bb][vc_row_inner][vc_column_inner width=\u00a0\u00bb1\/2&Prime;][vc_single_image image=\u00a0\u00bb5290&Prime; img_size=\u00a0\u00bbfull\u00a0\u00bb][\/vc_column_inner][vc_column_inner width=\u00a0\u00bb1\/2&Prime;]<h4 style=\"text-align:center;font-size:24px;line-height:34px;font-family:'Roboto',Arial,Helvetica;font-weight:700;\" class=\"tm-custom-heading \" >SERVICE DECORATION<\/h4>\n[vc_column_text]LM VEXIN a pour but de parfaire et de rendre unique chacun de ces \u00e9v\u00e9nements.<\/p>\n<p>C\u2019est pourquoi, nous vous proposons en plus de toutes nos autres prestations, notre service d\u00e9coration.<\/p>\n<p>&#8211; <strong>Divers<\/strong> et <strong>vari\u00e9<\/strong> car nous pouvons vous proposer toutes sortes de compositions, d\u2019objets, de nappage, etc\u2026 pour r\u00e9pondre \u00e0 vos envies<\/p>\n<p>&#8211; Votre <strong>th\u00e9matique<\/strong> sera l\u00e0 encore respect\u00e9e car notre d\u00e9coration sera en parfaite harmonie avec le reste<\/p>\n<p>&#8211; <strong>Simple<\/strong> ou <strong>exceptionnel<\/strong> quelle qu\u2019elle soit nous prendrons le m\u00eame plaisir \u00e0 r\u00e9aliser votre d\u00e9coration<\/p>\n<p>&#8211; Pas de <strong>stress<\/strong> et de <strong>fatigue<\/strong> pour vous, nous mettons en place votre d\u00e9coration de A \u00e0 Z[\/vc_column_text][\/vc_column_inner][\/vc_row_inner][\/vc_tta_section][\/vc_tta_tabs][vc_row_inner][vc_column_inner]\n\t\t<div class=\"tm-vc_btn3-container tm-vc_btn3-center\"><a class=\"tm-vc_general tm-vc_btn3 tm-vc_btn3-size-lg tm-vc_btn3-shape-round tm-vc_btn3-style-flat tm-vc_btn3-weight-yes tm-vc_btn3-icon-left tm-vc_btn3-color-skincolor\" href=\"https:\/\/lm-vexin.fr\/index.php\/contact-us\/\" title=\"Contactez-nous\"><i class=\"tm-vc_btn3-icon fa fa-paper-plane-o\"><\/i> Contactez-nous pour plus d'informations !<\/a><\/div>\n\t\t<div class=\"tm-vc_btn3-container tm-vc_btn3-center\"><a class=\"tm-vc_general tm-vc_btn3 tm-vc_btn3-size-lg tm-vc_btn3-shape-round tm-vc_btn3-style-flat tm-vc_btn3-weight-no tm-vc_btn3-color-skincolor\" href=\"https:\/\/lm-vexin.fr\/index.php\/estimez-votre-evenement-en-quelques-clics-seulement\/\" title=\"Estimez votre \u00e9v\u00e9nement en quelques clics seulement !\">Faire estimer mon devis<\/a><\/div>[\/vc_column_inner][\/vc_row_inner][\/vc_column][\/vc_row][vc_row tm_bgimagefixed=\u00a0\u00bb\u00a0\u00bb full_width=\u00a0\u00bbstretch_row_content\u00a0\u00bb][vc_column tm_textcolor=\u00a0\u00bbwhite\u00a0\u00bb tm_bgcolor=\u00a0\u00bbdarkgrey\u00a0\u00bb]<div class=\"themetechmount-boxes themetechmount-boxes-portfolio themetechmount-boxes-view-carousel themetechmount-boxes-col-three themetechmount-boxes-sortable-no themetechmount-boxes-textalign-center themetechmount-boxes-sortablebutton-square tm-boxes-carousel-arrow- tm-boxes-carousel-arrows-side vc_custom_1623232847255\" data-tm-speed=\"1500\" data-tm-autoplay=\"1\" data-tm-autoplayspeed=\"1500\" data-tm-loop=\"0\" data-tm-dots=\"1\" data-tm-nav=\"1\" data-tm-centermode=\"0\" data-tm-centerpadding=\"300\" data-tm-pauseonfocus=\"1\" data-tm-pauseonhover=\"1\" data-tm-slidestoscroll=\"column\" data-tm-effecttype=\"slide\">\n\t\t<div class=\"themetechmount-boxes-inner themetechmount-boxes-portfolio-inner \"><div class=\"themetechmount-box-heading-wrapper tm-element-align-center\"><div class=\"tm-element-heading-wrapper tm-heading-inner tm-element-align-center tm-seperator-none tm-heading-style-vertical tm-overlay-subheading\"><section class=\"tm-vc_cta3-container\"><div class=\"tm-vc_general tm-vc_cta3 tm-cta3-only tm-vc_cta3-style-classic tm-vc_cta3-shape-rounded tm-vc_cta3-align-center tm-vc_cta3-color-transparent tm-vc_cta3-icon-size-md tm-vc_cta3-actions-no tm-cta3-without-desc\"><div class=\"tm-vc_cta3_content-container\"><div class=\"tm-vc_cta3-content\"><header class=\"tm-vc_cta3-content-header tm-wrap\"><div class=\"tm-vc_cta3-headers tm-wrap-cell\"><h2 class=\"tm-custom-heading \" >Nos d\u00e9corations r\u00e9alis\u00e9es<\/h2>\n<\/div><div class=\"heading-seperator\"><span><\/span><\/div><\/header><\/div><\/div><\/div><\/section><\/div> <!-- .tm-element-heading-wrapper container --> <\/div> <!-- .tm-element-heading-wrapper container --> \n\t\t\t\n\t\t\t<div class=\"row multi-columns-row themetechmount-boxes-row-wrapper\">\n\t\t\t\t<div class=\"tm-box-col-wrapper col-lg-4 col-sm-6 col-md-4 col-xs-12 decorations\"><article class=\"themetechmount-box themetechmount-box-portfolio themetechmount-box-view-overlay themetechmount-portfolio-box-view-overlay \">\n\t<div class=\"themetechmount-post-item\">\n\t\t\n\t\t<span class=\"themetechmount-item-thumbnail\">\n\t\t\t<span class=\"themetechmount-item-thumbnail-inner\">\n\t\t\t\t<img loading=\"lazy\" decoding=\"async\" width=\"720\" height=\"604\" src=\"https:\/\/lm-vexin.fr\/wp-content\/uploads\/2021\/06\/WhatsApp-Image-2021-05-28-at-10.16.51-720x604.jpeg\" class=\"attachment-themetechmount-img-portfolio size-themetechmount-img-portfolio wp-post-image\" alt=\"\" data-id=\"5433\" \/>\n\t\t\t<\/span>\n\t\t<\/span>\t\t<div class=\"themetechmount-box-content themetechmount-overlay\">\n            <div class=\"themetechmount-box-content-inner\">\t\t\t  \t\t\t\n\t\t\t\t<div class=\"item-content\">\n\t\t\t\t\t<div class=\"themetechmount-box-title\"><h4><a href=\"https:\/\/lm-vexin.fr\/index.php\/portfolio\/decoration-5\/\">D\u00e9coration<\/a><\/h4><\/div>\t\t\t\t\t<div class=\"themetechmount-box-category\"><a href=\"https:\/\/lm-vexin.fr\/index.php\/portfolio-category\/decorations\/\" rel=\"tag\">D\u00e9corations<\/a><\/div>\t\t\t\t\n\t\t\t\t<\/div>\n\t\t\t\t<div class=\"themetechmount-icon-box themetechmount-media-link\"><a class=\"tm_prettyphoto\" title=\"D\u00e9coration\" href=\"https:\/\/lm-vexin.fr\/wp-content\/uploads\/2021\/06\/WhatsApp-Image-2021-05-28-at-10.16.51.jpeg\"><i class=\"tm-presentup-icon-search\"><\/i><\/a><\/div>\n\t\t\t <\/div>\t\n\t\t<\/div>\n\t<\/div>\n<\/article><\/div><div class=\"tm-box-col-wrapper col-lg-4 col-sm-6 col-md-4 col-xs-12 decorations\"><article class=\"themetechmount-box themetechmount-box-portfolio themetechmount-box-view-overlay themetechmount-portfolio-box-view-overlay \">\n\t<div class=\"themetechmount-post-item\">\n\t\t\n\t\t<span class=\"themetechmount-item-thumbnail\">\n\t\t\t<span class=\"themetechmount-item-thumbnail-inner\">\n\t\t\t\t<img loading=\"lazy\" decoding=\"async\" width=\"720\" height=\"604\" src=\"https:\/\/lm-vexin.fr\/wp-content\/uploads\/2021\/06\/WhatsApp-Image-2021-06-03-at-18.32.25-1-720x604.jpeg\" class=\"attachment-themetechmount-img-portfolio size-themetechmount-img-portfolio wp-post-image\" alt=\"\" data-id=\"5430\" \/>\n\t\t\t<\/span>\n\t\t<\/span>\t\t<div class=\"themetechmount-box-content themetechmount-overlay\">\n            <div class=\"themetechmount-box-content-inner\">\t\t\t  \t\t\t\n\t\t\t\t<div class=\"item-content\">\n\t\t\t\t\t<div class=\"themetechmount-box-title\"><h4><a href=\"https:\/\/lm-vexin.fr\/index.php\/portfolio\/decoration-4\/\">D\u00e9coration<\/a><\/h4><\/div>\t\t\t\t\t<div class=\"themetechmount-box-category\"><a href=\"https:\/\/lm-vexin.fr\/index.php\/portfolio-category\/decorations\/\" rel=\"tag\">D\u00e9corations<\/a><\/div>\t\t\t\t\n\t\t\t\t<\/div>\n\t\t\t\t<div class=\"themetechmount-icon-box themetechmount-media-link\"><a class=\"tm_prettyphoto\" title=\"D\u00e9coration\" href=\"https:\/\/lm-vexin.fr\/wp-content\/uploads\/2021\/06\/WhatsApp-Image-2021-06-03-at-18.32.25-1.jpeg\"><i class=\"tm-presentup-icon-search\"><\/i><\/a><\/div>\n\t\t\t <\/div>\t\n\t\t<\/div>\n\t<\/div>\n<\/article><\/div><div class=\"tm-box-col-wrapper col-lg-4 col-sm-6 col-md-4 col-xs-12 decorations\"><article class=\"themetechmount-box themetechmount-box-portfolio themetechmount-box-view-overlay themetechmount-portfolio-box-view-overlay \">\n\t<div class=\"themetechmount-post-item\">\n\t\t\n\t\t<span class=\"themetechmount-item-thumbnail\">\n\t\t\t<span class=\"themetechmount-item-thumbnail-inner\">\n\t\t\t\t<img loading=\"lazy\" decoding=\"async\" width=\"720\" height=\"604\" src=\"https:\/\/lm-vexin.fr\/wp-content\/uploads\/2021\/06\/WhatsApp-Image-2021-06-04-at-12.29.31-2-720x604.jpeg\" class=\"attachment-themetechmount-img-portfolio size-themetechmount-img-portfolio wp-post-image\" alt=\"\" data-id=\"5428\" \/>\n\t\t\t<\/span>\n\t\t<\/span>\t\t<div class=\"themetechmount-box-content themetechmount-overlay\">\n            <div class=\"themetechmount-box-content-inner\">\t\t\t  \t\t\t\n\t\t\t\t<div class=\"item-content\">\n\t\t\t\t\t<div class=\"themetechmount-box-title\"><h4><a href=\"https:\/\/lm-vexin.fr\/index.php\/portfolio\/decoration-3\/\">D\u00e9coration<\/a><\/h4><\/div>\t\t\t\t\t<div class=\"themetechmount-box-category\"><a href=\"https:\/\/lm-vexin.fr\/index.php\/portfolio-category\/decorations\/\" rel=\"tag\">D\u00e9corations<\/a><\/div>\t\t\t\t\n\t\t\t\t<\/div>\n\t\t\t\t<div class=\"themetechmount-icon-box themetechmount-media-link\"><a class=\"tm_prettyphoto\" title=\"D\u00e9coration\" href=\"https:\/\/lm-vexin.fr\/wp-content\/uploads\/2021\/06\/WhatsApp-Image-2021-06-04-at-12.29.31-2.jpeg\"><i class=\"tm-presentup-icon-search\"><\/i><\/a><\/div>\n\t\t\t <\/div>\t\n\t\t<\/div>\n\t<\/div>\n<\/article><\/div><div class=\"tm-box-col-wrapper col-lg-4 col-sm-6 col-md-4 col-xs-12 decorations\"><article class=\"themetechmount-box themetechmount-box-portfolio themetechmount-box-view-overlay themetechmount-portfolio-box-view-overlay \">\n\t<div class=\"themetechmount-post-item\">\n\t\t\n\t\t<span class=\"themetechmount-item-thumbnail\">\n\t\t\t<span class=\"themetechmount-item-thumbnail-inner\">\n\t\t\t\t<img loading=\"lazy\" decoding=\"async\" width=\"720\" height=\"604\" src=\"https:\/\/lm-vexin.fr\/wp-content\/uploads\/2021\/06\/WhatsApp-Image-2021-06-04-at-12.29.31-720x604.jpeg\" class=\"attachment-themetechmount-img-portfolio size-themetechmount-img-portfolio wp-post-image\" alt=\"\" data-id=\"5425\" \/>\n\t\t\t<\/span>\n\t\t<\/span>\t\t<div class=\"themetechmount-box-content themetechmount-overlay\">\n            <div class=\"themetechmount-box-content-inner\">\t\t\t  \t\t\t\n\t\t\t\t<div class=\"item-content\">\n\t\t\t\t\t<div class=\"themetechmount-box-title\"><h4><a href=\"https:\/\/lm-vexin.fr\/index.php\/portfolio\/decoration-2\/\">D\u00e9coration<\/a><\/h4><\/div>\t\t\t\t\t<div class=\"themetechmount-box-category\"><a href=\"https:\/\/lm-vexin.fr\/index.php\/portfolio-category\/decorations\/\" rel=\"tag\">D\u00e9corations<\/a><\/div>\t\t\t\t\n\t\t\t\t<\/div>\n\t\t\t\t<div class=\"themetechmount-icon-box themetechmount-media-link\"><a class=\"tm_prettyphoto\" title=\"D\u00e9coration\" href=\"https:\/\/lm-vexin.fr\/wp-content\/uploads\/2021\/06\/WhatsApp-Image-2021-06-04-at-12.29.31.jpeg\"><i class=\"tm-presentup-icon-search\"><\/i><\/a><\/div>\n\t\t\t <\/div>\t\n\t\t<\/div>\n\t<\/div>\n<\/article><\/div><div class=\"tm-box-col-wrapper col-lg-4 col-sm-6 col-md-4 col-xs-12 decorations\"><article class=\"themetechmount-box themetechmount-box-portfolio themetechmount-box-view-overlay themetechmount-portfolio-box-view-overlay \">\n\t<div class=\"themetechmount-post-item\">\n\t\t\n\t\t<span class=\"themetechmount-item-thumbnail\">\n\t\t\t<span class=\"themetechmount-item-thumbnail-inner\">\n\t\t\t\t<img loading=\"lazy\" decoding=\"async\" width=\"720\" height=\"604\" src=\"https:\/\/lm-vexin.fr\/wp-content\/uploads\/2021\/06\/WhatsApp-Image-2021-06-03-at-18.33.00-2-720x604.jpeg\" class=\"attachment-themetechmount-img-portfolio size-themetechmount-img-portfolio wp-post-image\" alt=\"\" data-id=\"5423\" \/>\n\t\t\t<\/span>\n\t\t<\/span>\t\t<div class=\"themetechmount-box-content themetechmount-overlay\">\n            <div class=\"themetechmount-box-content-inner\">\t\t\t  \t\t\t\n\t\t\t\t<div class=\"item-content\">\n\t\t\t\t\t<div class=\"themetechmount-box-title\"><h4><a href=\"https:\/\/lm-vexin.fr\/index.php\/portfolio\/decoration\/\">D\u00e9coration<\/a><\/h4><\/div>\t\t\t\t\t<div class=\"themetechmount-box-category\"><a href=\"https:\/\/lm-vexin.fr\/index.php\/portfolio-category\/decorations\/\" rel=\"tag\">D\u00e9corations<\/a><\/div>\t\t\t\t\n\t\t\t\t<\/div>\n\t\t\t\t<div class=\"themetechmount-icon-box themetechmount-media-link\"><a class=\"tm_prettyphoto\" title=\"D\u00e9coration\" href=\"https:\/\/lm-vexin.fr\/wp-content\/uploads\/2021\/06\/WhatsApp-Image-2021-06-03-at-18.33.00-2.jpeg\"><i class=\"tm-presentup-icon-search\"><\/i><\/a><\/div>\n\t\t\t <\/div>\t\n\t\t<\/div>\n\t<\/div>\n<\/article><\/div>\n\t\t\t<\/div>\n\t\t<\/div><!-- .themetechmount-boxes-inner -->   <\/div><!-- .themetechmount-boxes -->  [\/vc_column][\/vc_row][vc_row tm_bgcolor=\u00a0\u00bbwhite\u00a0\u00bb tm_bgimagefixed=\u00a0\u00bb\u00a0\u00bb full_width=\u00a0\u00bbstretch_row_content\u00a0\u00bb css=\u00a0\u00bb.vc_custom_1622116477563{padding-top: 30px !important;padding-bottom: 0px !important;}\u00a0\u00bb][vc_column tm_bgcolor=\u00a0\u00bbwhite\u00a0\u00bb]<h3 style=\"text-align:center;font-size:45px;line-height:45px;\" class=\"tm-custom-heading vc_custom_1622724902528\" >Nos services pour assurer une d\u00e9coration parfaite pour vos \u00e9v\u00e9nements<\/h3>\n[vc_zigzag color=\u00a0\u00bbblack\u00a0\u00bb el_width=\u00a0\u00bb30&Prime; css=\u00a0\u00bb.vc_custom_1622116490193{margin-bottom: 30px !important;padding-right: 5px !important;padding-left: 5px !important;}\u00a0\u00bb][\/vc_column][\/vc_row][vc_row tm_bgcolor=\u00a0\u00bbwhite\u00a0\u00bb tm_bgimagefixed=\u00a0\u00bb\u00a0\u00bb full_width=\u00a0\u00bbstretch_row\u00a0\u00bb css=\u00a0\u00bb.vc_custom_1622116455863{margin-top: 0px !important;padding-top: 30px !important;padding-bottom: 30px !important;background-color: #ffffff !important;}\u00a0\u00bb][vc_column width=\u00a0\u00bb1\/2&Prime;]<ul class=\"tm-list tm-list-style-icon tm-list-icon-color-skincolor tm- tm-icon-skincolor tm-list-textsize- tm-list-icon-library-fontawesome\"><li><i class=\"tm-skincolor fa fa-check\"><\/i>  <span class=\"tm-list-li-content\">D\u00e9corateurs<\/span><\/li><li><i class=\"tm-skincolor fa fa-check\"><\/i>  <span class=\"tm-list-li-content\">Jeux de lumi\u00e8res<\/span><\/li><li><i class=\"tm-skincolor fa fa-check\"><\/i>  <span class=\"tm-list-li-content\">Logistique<\/span><\/li><\/ul>[\/vc_column][vc_column width=\u00a0\u00bb1\/2&Prime;]<ul class=\"tm-list tm-list-style-icon tm-list-icon-color-skincolor tm- tm-icon-skincolor tm-list-textsize- tm-list-icon-library-fontawesome\"><li><i class=\"tm-skincolor fa fa-check\"><\/i>  <span class=\"tm-list-li-content\">Mise en place de votre salle<\/span><\/li><li><i class=\"tm-skincolor fa fa-check\"><\/i>  <span class=\"tm-list-li-content\">Fleurs et composition florales<\/span><\/li><\/ul>[\/vc_column][\/vc_row][vc_row tm_bgcolor=\u00a0\u00bbskincolor\u00a0\u00bb tm_bgimagefixed=\u00a0\u00bb\u00a0\u00bb full_width=\u00a0\u00bbstretch_row\u00a0\u00bb][vc_column]<h5 style=\"text-align:center;font-size:45px;line-height:45px;\" class=\"tm-custom-heading vc_custom_1622116104404\" >Notre \u00e9quipe r\u00e9pond \u00e0 vos questions<\/h5>\n[vc_zigzag color=\u00a0\u00bbwhite\u00a0\u00bb el_width=\u00a0\u00bb60&Prime; css=\u00a0\u00bb.vc_custom_1622116096846{margin-bottom: 30px !important;padding-right: 5px !important;padding-left: 5px !important;}\u00a0\u00bb][vc_tta_accordion color=\u00a0\u00bbskincolor\u00a0\u00bb gap=\u00a0\u00bb5&Prime; active_section=\u00a0\u00bb5&Prime;][vc_tta_section title=\u00a0\u00bbNous n\u2019avons aucune id\u00e9e de d\u00e9coration que pouvons nous faire ?\u00a0\u00bb tab_id=\u00a0\u00bb1539845763408-c1c719c9-cbe4b7ed-3368336c-98461026-e81d2a4b-cccf\u00a0\u00bb][vc_column_text]Nous nous adapterons \u00e0 votre th\u00e9matique et \u00e0 votre lieu et vous proposerons les meilleurs \u00e9l\u00e9ments de d\u00e9coration possible[\/vc_column_text][\/vc_tta_section][vc_tta_section title=\u00a0\u00bbJ\u2019aimerais de la d\u00e9coration pour mon \u00e9v\u00e9nement mais j\u2019ai peu de budget ?\u00a0\u00bb tab_id=\u00a0\u00bb1539845872778-311cebec-af9fb7ed-3368336c-98461026-e81d2a4b-cccf\u00a0\u00bb][vc_column_text]Ne vous inqui\u00e9tez il n\u2019est pas n\u00e9cessaire d\u2019avoir un budget d\u00e9mesur\u00e9 nous pouvons r\u00e9aliser des choses simples et efficaces[\/vc_column_text][\/vc_tta_section][vc_tta_section title=\u00a0\u00bbNous souhaitons faire une d\u00e9coration ext\u00e9rieure, est-ce possible ?\u00a0\u00bb tab_id=\u00a0\u00bb1539846371524-66d4ee3a-8cd8b7ed-3368336c-98461026-e81d2a4b-cccf\u00a0\u00bb][vc_column_text]Nous collaborons avec des sites qui acceptent sans aucun probl\u00e8me les d\u00e9corations ext\u00e9rieures y compris les c\u00e9r\u00e9monies ext\u00e9rieures (la\u00efques, juives\u2026)[\/vc_column_text][\/vc_tta_section][vc_tta_section title=\u00a0\u00bbEst-ce que vous pouvez \u00e9galement vous occuper de nos \u00e9l\u00e9ments d\u00e9coratifs personnels (drag\u00e9es, urne\u2026)?\u00a0\u00bb tab_id=\u00a0\u00bb1539845763352-7e95fcf4-6e94b7ed-3368336c-98461026-e81d2a4b-cccf\u00a0\u00bb][vc_column_text]Si nous avons tous vos \u00e9l\u00e9ments quelques jours avant le Jour J nous pouvons nous occuper \u00e9galement de mettre en place ces effets[\/vc_column_text][\/vc_tta_section][\/vc_tta_accordion][\/vc_column][\/vc_row]<\/p>\n<\/div>","protected":false},"excerpt":{"rendered":"<p>[vc_row][vc_column][vc_column_text] Besoin d&rsquo;un coup de pouce pour la d\u00e9coration ? N&rsquo;h\u00e9sitez pas \u00e0 faire appel \u00e0 nos services ! En effet, LM Events vous propose m\u00eame un service de d\u00e9coration &hellip; <a href=\"https:\/\/lm-vexin.fr\/index.php\/portfolio\/decoration\/\" class=\"more-link\">Continue reading <span class=\"screen-reader-text\">D\u00e9coration<\/span><\/a><\/p>\n","protected":false},"author":2,"featured_media":0,"parent":0,"menu_order":0,"comment_status":"closed","ping_status":"closed","template":"","meta":{"footnotes":""},"class_list":["post-5289","page","type-page","status-publish","hentry"],"yoast_head":"<!-- This site is optimized with the Yoast SEO plugin v25.9 - https:\/\/yoast.com\/wordpress\/plugins\/seo\/ -->\n<title>Service D\u00e9coration - LM VEXIN - Organisation d&#039;\u00e9v\u00e9nement<\/title>\n<meta name=\"robots\" content=\"index, follow, max-snippet:-1, max-image-preview:large, max-video-preview:-1\" \/>\n<link rel=\"canonical\" href=\"https:\/\/lm-vexin.fr\/index.php\/service-decoration\/\" \/>\n<meta property=\"og:locale\" content=\"fr_FR\" \/>\n<meta property=\"og:type\" content=\"article\" \/>\n<meta property=\"og:title\" content=\"Service D\u00e9coration - LM VEXIN - Organisation d&#039;\u00e9v\u00e9nement\" \/>\n<meta property=\"og:description\" content=\"[vc_row][vc_column][vc_column_text] Besoin d&rsquo;un coup de pouce pour la d\u00e9coration ? N&rsquo;h\u00e9sitez pas \u00e0 faire appel \u00e0 nos services ! En effet, LM Events vous propose m\u00eame un service de d\u00e9coration &hellip; Continue reading D\u00e9coration\" \/>\n<meta property=\"og:url\" content=\"https:\/\/lm-vexin.fr\/index.php\/service-decoration\/\" \/>\n<meta property=\"og:site_name\" content=\"LM VEXIN - Organisation d&#039;\u00e9v\u00e9nement\" \/>\n<meta property=\"article:modified_time\" content=\"2021-06-15T07:37:05+00:00\" \/>\n<meta name=\"twitter:card\" content=\"summary_large_image\" \/>\n<meta name=\"twitter:label1\" content=\"Dur\u00e9e de lecture estim\u00e9e\" \/>\n\t<meta name=\"twitter:data1\" content=\"5 minutes\" \/>\n<script type=\"application\/ld+json\" class=\"yoast-schema-graph\">{\"@context\":\"https:\/\/schema.org\",\"@graph\":[{\"@type\":\"WebPage\",\"@id\":\"https:\/\/lm-vexin.fr\/index.php\/service-decoration\/\",\"url\":\"https:\/\/lm-vexin.fr\/index.php\/service-decoration\/\",\"name\":\"Service D\u00e9coration - LM VEXIN - Organisation d&#039;\u00e9v\u00e9nement\",\"isPartOf\":{\"@id\":\"https:\/\/lm-vexin.fr\/#website\"},\"datePublished\":\"2021-06-03T12:56:35+00:00\",\"dateModified\":\"2021-06-15T07:37:05+00:00\",\"breadcrumb\":{\"@id\":\"https:\/\/lm-vexin.fr\/index.php\/service-decoration\/#breadcrumb\"},\"inLanguage\":\"fr-FR\",\"potentialAction\":[{\"@type\":\"ReadAction\",\"target\":[\"https:\/\/lm-vexin.fr\/index.php\/service-decoration\/\"]}]},{\"@type\":\"BreadcrumbList\",\"@id\":\"https:\/\/lm-vexin.fr\/index.php\/service-decoration\/#breadcrumb\",\"itemListElement\":[{\"@type\":\"ListItem\",\"position\":1,\"name\":\"Home\",\"item\":\"https:\/\/lm-vexin.fr\/\"},{\"@type\":\"ListItem\",\"position\":2,\"name\":\"Service D\u00e9coration\"}]},{\"@type\":\"WebSite\",\"@id\":\"https:\/\/lm-vexin.fr\/#website\",\"url\":\"https:\/\/lm-vexin.fr\/\",\"name\":\"LM VEXIN - Organisation d&#039;\u00e9v\u00e9nement\",\"description\":\"VOTRE PARTENAIRE \u00c9V\u00c9NEMENT DE A \u00c0 Z\",\"publisher\":{\"@id\":\"https:\/\/lm-vexin.fr\/#organization\"},\"potentialAction\":[{\"@type\":\"SearchAction\",\"target\":{\"@type\":\"EntryPoint\",\"urlTemplate\":\"https:\/\/lm-vexin.fr\/?s={search_term_string}\"},\"query-input\":{\"@type\":\"PropertyValueSpecification\",\"valueRequired\":true,\"valueName\":\"search_term_string\"}}],\"inLanguage\":\"fr-FR\"},{\"@type\":\"Organization\",\"@id\":\"https:\/\/lm-vexin.fr\/#organization\",\"name\":\"LM VEXIN PARIS\",\"url\":\"https:\/\/lm-vexin.fr\/\",\"logo\":{\"@type\":\"ImageObject\",\"inLanguage\":\"fr-FR\",\"@id\":\"https:\/\/lm-vexin.fr\/#\/schema\/logo\/image\/\",\"url\":\"https:\/\/lm-vexin.fr\/wp-content\/uploads\/2021\/06\/LOGO-WEB-LM-EVENTS-1.png\",\"contentUrl\":\"https:\/\/lm-vexin.fr\/wp-content\/uploads\/2021\/06\/LOGO-WEB-LM-EVENTS-1.png\",\"width\":294,\"height\":85,\"caption\":\"LM VEXIN PARIS\"},\"image\":{\"@id\":\"https:\/\/lm-vexin.fr\/#\/schema\/logo\/image\/\"}}]}<\/script>\n<!-- \/ Yoast SEO plugin. -->","yoast_head_json":{"title":"Service D\u00e9coration - LM VEXIN - Organisation d&#039;\u00e9v\u00e9nement","robots":{"index":"index","follow":"follow","max-snippet":"max-snippet:-1","max-image-preview":"max-image-preview:large","max-video-preview":"max-video-preview:-1"},"canonical":"https:\/\/lm-vexin.fr\/index.php\/service-decoration\/","og_locale":"fr_FR","og_type":"article","og_title":"Service D\u00e9coration - LM VEXIN - Organisation d&#039;\u00e9v\u00e9nement","og_description":"[vc_row][vc_column][vc_column_text] Besoin d&rsquo;un coup de pouce pour la d\u00e9coration ? N&rsquo;h\u00e9sitez pas \u00e0 faire appel \u00e0 nos services ! En effet, LM Events vous propose m\u00eame un service de d\u00e9coration &hellip; Continue reading D\u00e9coration","og_url":"https:\/\/lm-vexin.fr\/index.php\/service-decoration\/","og_site_name":"LM VEXIN - Organisation d&#039;\u00e9v\u00e9nement","article_modified_time":"2021-06-15T07:37:05+00:00","twitter_card":"summary_large_image","twitter_misc":{"Dur\u00e9e de lecture estim\u00e9e":"5 minutes"},"schema":{"@context":"https:\/\/schema.org","@graph":[{"@type":"WebPage","@id":"https:\/\/lm-vexin.fr\/index.php\/service-decoration\/","url":"https:\/\/lm-vexin.fr\/index.php\/service-decoration\/","name":"Service D\u00e9coration - LM VEXIN - Organisation d&#039;\u00e9v\u00e9nement","isPartOf":{"@id":"https:\/\/lm-vexin.fr\/#website"},"datePublished":"2021-06-03T12:56:35+00:00","dateModified":"2021-06-15T07:37:05+00:00","breadcrumb":{"@id":"https:\/\/lm-vexin.fr\/index.php\/service-decoration\/#breadcrumb"},"inLanguage":"fr-FR","potentialAction":[{"@type":"ReadAction","target":["https:\/\/lm-vexin.fr\/index.php\/service-decoration\/"]}]},{"@type":"BreadcrumbList","@id":"https:\/\/lm-vexin.fr\/index.php\/service-decoration\/#breadcrumb","itemListElement":[{"@type":"ListItem","position":1,"name":"Home","item":"https:\/\/lm-vexin.fr\/"},{"@type":"ListItem","position":2,"name":"Service D\u00e9coration"}]},{"@type":"WebSite","@id":"https:\/\/lm-vexin.fr\/#website","url":"https:\/\/lm-vexin.fr\/","name":"LM VEXIN - Organisation d&#039;\u00e9v\u00e9nement","description":"VOTRE PARTENAIRE \u00c9V\u00c9NEMENT DE A \u00c0 Z","publisher":{"@id":"https:\/\/lm-vexin.fr\/#organization"},"potentialAction":[{"@type":"SearchAction","target":{"@type":"EntryPoint","urlTemplate":"https:\/\/lm-vexin.fr\/?s={search_term_string}"},"query-input":{"@type":"PropertyValueSpecification","valueRequired":true,"valueName":"search_term_string"}}],"inLanguage":"fr-FR"},{"@type":"Organization","@id":"https:\/\/lm-vexin.fr\/#organization","name":"LM VEXIN PARIS","url":"https:\/\/lm-vexin.fr\/","logo":{"@type":"ImageObject","inLanguage":"fr-FR","@id":"https:\/\/lm-vexin.fr\/#\/schema\/logo\/image\/","url":"https:\/\/lm-vexin.fr\/wp-content\/uploads\/2021\/06\/LOGO-WEB-LM-EVENTS-1.png","contentUrl":"https:\/\/lm-vexin.fr\/wp-content\/uploads\/2021\/06\/LOGO-WEB-LM-EVENTS-1.png","width":294,"height":85,"caption":"LM VEXIN PARIS"},"image":{"@id":"https:\/\/lm-vexin.fr\/#\/schema\/logo\/image\/"}}]}},"_links":{"self":[{"href":"https:\/\/lm-vexin.fr\/index.php\/wp-json\/wp\/v2\/pages\/5289","targetHints":{"allow":["GET"]}}],"collection":[{"href":"https:\/\/lm-vexin.fr\/index.php\/wp-json\/wp\/v2\/pages"}],"about":[{"href":"https:\/\/lm-vexin.fr\/index.php\/wp-json\/wp\/v2\/types\/page"}],"author":[{"embeddable":true,"href":"https:\/\/lm-vexin.fr\/index.php\/wp-json\/wp\/v2\/users\/2"}],"replies":[{"embeddable":true,"href":"https:\/\/lm-vexin.fr\/index.php\/wp-json\/wp\/v2\/comments?post=5289"}],"version-history":[{"count":10,"href":"https:\/\/lm-vexin.fr\/index.php\/wp-json\/wp\/v2\/pages\/5289\/revisions"}],"predecessor-version":[{"id":5631,"href":"https:\/\/lm-vexin.fr\/index.php\/wp-json\/wp\/v2\/pages\/5289\/revisions\/5631"}],"wp:attachment":[{"href":"https:\/\/lm-vexin.fr\/index.php\/wp-json\/wp\/v2\/media?parent=5289"}],"curies":[{"name":"wp","href":"https:\/\/api.w.org\/{rel}","templated":true}]}}