{"id":594,"date":"2018-09-03T09:19:49","date_gmt":"2018-09-03T09:19:49","guid":{"rendered":"http:\/\/localhost\/presentup\/?page_id=15"},"modified":"2025-09-10T07:33:40","modified_gmt":"2025-09-10T07:33:40","slug":"contact-us","status":"publish","type":"page","link":"https:\/\/lm-vexin.fr\/index.php\/contact-us\/","title":{"rendered":"Contactez-nous"},"content":{"rendered":"<div class=\"wpb-content-wrapper\"><p>[vc_row tm_bgimagefixed=\u00a0\u00bb\u00a0\u00bb css=\u00a0\u00bb.vc_custom_1539074426758{padding-top: 85px !important;padding-bottom: 25px !important;}\u00a0\u00bb][vc_column width=\u00a0\u00bb3\/4&Prime;]<div class=\"tm-element-heading-wrapper tm-heading-inner tm-element-align-left tm-seperator-none tm-heading-style-vertical tm-overlay-subheading\"><section class=\"tm-vc_cta3-container\"><div class=\"tm-vc_general tm-vc_cta3 tm-cta3-only tm-vc_cta3-style-classic tm-vc_cta3-shape-rounded tm-vc_cta3-align-left tm-vc_cta3-color-transparent tm-vc_cta3-icon-size-md tm-vc_cta3-actions-no tm-cta3-with-desc\"><div class=\"tm-vc_cta3_content-container\"><div class=\"tm-vc_cta3-content\"><header class=\"tm-vc_cta3-content-header tm-wrap\"><div class=\"tm-vc_cta3-headers tm-wrap-cell\"><h4 class=\"tm-custom-heading \" >CONTACT<\/h4>\n<h2 class=\"tm-custom-heading \" >Contactez-nous<\/h2>\n<\/div><div class=\"heading-seperator\"><span><\/span><\/div><\/header><div class=\"tm-cta3-content-wrapper\"><p>Besoin d&rsquo;une information ? D&rsquo;un devis ? Nos \u00e9quipes s&rsquo;engagent \u00e0 vous r\u00e9pondre en moins de 48H00.<\/p><\/div><\/div><\/div><\/div><\/section><\/div> <!-- .tm-element-heading-wrapper container --> [\/vc_column][vc_column width=\u00a0\u00bb1\/4&Prime; css=\u00a0\u00bb.vc_custom_1539074713418{padding-top: 58px !important;}\u00a0\u00bb tm_responsive_css=\u00a0\u00bb95289829|colbreak_no|||||||||colbreak_no|||||||||colbreak_no|||||0px|||||colbreak_no|||||||||\u00a0\u00bb]\n\t\t<div class=\"tm-vc_btn3-container  tm-reset-button-left-767 tm-vc_btn3-right\"><a class=\"tm-vc_general tm-vc_btn3 tm-vc_btn3-size-md tm-vc_btn3-shape-rounded tm-vc_btn3-style-outline tm-vc_btn3-weight-yes tm-vc_btn3-color-skincolor\" href=\"#formulaire-contact\" title=\"\">UTILISER LE FORMULAIRE<\/a><\/div>[\/vc_column][\/vc_row][vc_row tm_textcolor=\u00a0\u00bbwhite\u00a0\u00bb tm_bgcolor=\u00a0\u00bbdarkgrey\u00a0\u00bb tm_bgimagefixed=\u00a0\u00bb\u00a0\u00bb full_width=\u00a0\u00bbstretch_row\u00a0\u00bb css=\u00a0\u00bb.vc_custom_1622120925658{padding-top: 30px !important;padding-bottom: 30px !important;}\u00a0\u00bb][vc_column width=\u00a0\u00bb1\/3&Prime;]<div class=\"tm-sbox tm-sbox-iconalign-left-spacing none tm-sbox-bgcolor-transparent tm-bgcolor-transparent tm-sbox-textcolor- tm-textcolor- tm-sbox-isize-md tm-sbox-isize-md tm-sbox-istyle-none  tm-sbox-heading-only\"><section class=\"tm-vc_cta3-container\"><div class=\"tm-vc_general tm-vc_cta3 tm-vc_cta3-align-left tm-vc_cta3-icon-size-md tm-vc_cta3-icons-left tm-vc_cta3-actions-no\"><div class=\"tm-vc_cta3-icons tm-wrap-cell\"><div class=\"tm-vc_icon_element tm-vc_icon_element-outer tm-vc_icon_element-align-left \"><div class=\"tm-vc_icon_element-inner  tm-vc_icon_element-color-skincolor tm-vc_icon_element-size-md tm-vc_icon_element-style-none tm-vc_icon_element-background-color-grey\" ><span class=\"tm-vc_icon_element-icon themifyicon ti-headphone-alt\" ><\/span><\/div><\/div><\/div><div class=\"tm-vc_cta3_content-container\"><div class=\"tm-vc_cta3-content\"><div class=\"tm-vc_cta3-content-header tm-wrap\"><div class=\"tm-vc_cta3-headers tm-wrap-cell\"><h2 class=\"tm-custom-heading \" >T\u00e9l\u00e9phone<\/h2>\n<\/div><\/div><\/div><div class=\"tm-cta3-desc-btn-wrapper\"><div class=\"tm-cta3-description\"><div class=\"tm-cta3-content-wrapper\"><p>06 31 04 09 97<\/p><\/div><\/div><\/div><\/div><\/div><\/section><\/div>[\/vc_column][vc_column width=\u00a0\u00bb1\/3&Prime;]<div class=\"tm-sbox tm-sbox-iconalign-left-spacing none tm-sbox-bgcolor-transparent tm-bgcolor-transparent tm-sbox-textcolor- tm-textcolor- tm-sbox-isize-md tm-sbox-isize-md tm-sbox-istyle-none  tm-sbox-heading-only\"><section class=\"tm-vc_cta3-container\"><div class=\"tm-vc_general tm-vc_cta3 tm-vc_cta3-align-left tm-vc_cta3-icon-size-md tm-vc_cta3-icons-left tm-vc_cta3-actions-no\"><div class=\"tm-vc_cta3-icons tm-wrap-cell\"><div class=\"tm-vc_icon_element tm-vc_icon_element-outer tm-vc_icon_element-align-left \"><div class=\"tm-vc_icon_element-inner  tm-vc_icon_element-color-skincolor tm-vc_icon_element-size-md tm-vc_icon_element-style-none tm-vc_icon_element-background-color-grey\" ><span class=\"tm-vc_icon_element-icon themifyicon ti-location-pin\" ><\/span><\/div><\/div><\/div><div class=\"tm-vc_cta3_content-container\"><div class=\"tm-vc_cta3-content\"><div class=\"tm-vc_cta3-content-header tm-wrap\"><div class=\"tm-vc_cta3-headers tm-wrap-cell\"><h2 class=\"tm-custom-heading \" >O\u00f9 nous trouver ?<\/h2>\n<\/div><\/div><\/div><div class=\"tm-cta3-desc-btn-wrapper\"><div class=\"tm-cta3-description\"><div class=\"tm-cta3-content-wrapper\"><p><i class=\"fa fa-map-marker\"><\/i>ZI de la Neuvillette, 60 240 Fleury<\/p><\/div><\/div><\/div><\/div><\/div><\/section><\/div>[\/vc_column][vc_column width=\u00a0\u00bb1\/3&Prime;]<div class=\"tm-sbox tm-sbox-iconalign-left-spacing none tm-sbox-bgcolor-transparent tm-bgcolor-transparent tm-sbox-textcolor- tm-textcolor- tm-sbox-isize-md tm-sbox-isize-md tm-sbox-istyle-none  tm-sbox-heading-only\"><section class=\"tm-vc_cta3-container\"><div class=\"tm-vc_general tm-vc_cta3 tm-vc_cta3-align-left tm-vc_cta3-icon-size-md tm-vc_cta3-icons-left tm-vc_cta3-actions-no\"><div class=\"tm-vc_cta3-icons tm-wrap-cell\"><div class=\"tm-vc_icon_element tm-vc_icon_element-outer tm-vc_icon_element-align-left \"><div class=\"tm-vc_icon_element-inner  tm-vc_icon_element-color-skincolor tm-vc_icon_element-size-md tm-vc_icon_element-style-none tm-vc_icon_element-background-color-grey\" ><span class=\"tm-vc_icon_element-icon themifyicon ti-email\" ><\/span><\/div><\/div><\/div><div class=\"tm-vc_cta3_content-container\"><div class=\"tm-vc_cta3-content\"><div class=\"tm-vc_cta3-content-header tm-wrap\"><div class=\"tm-vc_cta3-headers tm-wrap-cell\"><h2 class=\"tm-custom-heading \" >Email<\/h2>\n<\/div><\/div><\/div><div class=\"tm-cta3-desc-btn-wrapper\"><div class=\"tm-cta3-description\"><div class=\"tm-cta3-content-wrapper\"><p>contact@lm-vexin.fr<\/p><\/div><\/div><\/div><\/div><\/div><\/section><\/div>[\/vc_column][\/vc_row][vc_row tm_bgimagefixed=\u00a0\u00bb\u00a0\u00bb break_in_responsive=\u00a0\u00bb991&Prime; tm_shadow=\u00a0\u00bbyes\u00a0\u00bb equal_height=\u00a0\u00bbyes\u00a0\u00bb css=\u00a0\u00bb.vc_custom_1622119436302{padding-top: 0px !important;padding-bottom: 0px !important;}\u00a0\u00bb el_id=\u00a0\u00bbformulaire-contact\u00a0\u00bb][vc_column width=\u00a0\u00bb1\/3&Prime; css=\u00a0\u00bb.vc_custom_1622456267212{background-image: url(https:\/\/lm-vexin.fr\/wp-content\/uploads\/2021\/05\/WhatsApp-Image-2021-05-28-at-11.31.53-4.jpeg?id=5146) !important;background-position: center !important;background-repeat: no-repeat !important;background-size: cover !important;}\u00a0\u00bb][\/vc_column][vc_column width=\u00a0\u00bb2\/3&Prime; css=\u00a0\u00bb.vc_custom_1539156804039{padding-top: 50px !important;padding-right: 50px !important;padding-bottom: 50px !important;padding-left: 50px !important;}\u00a0\u00bb]<div class=\"tm-element-heading-wrapper tm-heading-inner tm-element-align-left tm-seperator-none tm-heading-style-vertical \"><section class=\"tm-vc_cta3-container\"><div class=\"tm-vc_general tm-vc_cta3 tm-cta3-only tm-vc_cta3-style-classic tm-vc_cta3-shape-rounded tm-vc_cta3-align-left tm-vc_cta3-color-transparent tm-vc_cta3-icon-size-md tm-vc_cta3-actions-no tm-cta3-with-desc\"><div class=\"tm-vc_cta3_content-container\"><div class=\"tm-vc_cta3-content\"><header class=\"tm-vc_cta3-content-header tm-wrap\"><div class=\"tm-vc_cta3-headers tm-wrap-cell\"><h2 style=\"font-size:36px;line-height:45px;\" class=\"tm-custom-heading \" >Utilisez notre formulaire de contact<\/h2>\n<\/div><div class=\"heading-seperator\"><span><\/span><\/div><\/header><div class=\"tm-cta3-content-wrapper\"><p>Remplissez les informations ci-dessous ainsi que l&rsquo;objet de votre demande, nos \u00e9quipes vous recontacterons dans les plus brefs d\u00e9lais (sous 48h00 maximum).<\/p><\/div><\/div><\/div><\/div><\/section><\/div> <!-- .tm-element-heading-wrapper container --> \n<div class=\"wpcf7 no-js\" id=\"wpcf7-f839-o1\" lang=\"en-US\" dir=\"ltr\" data-wpcf7-id=\"839\">\n<div class=\"screen-reader-response\"><p role=\"status\" aria-live=\"polite\" aria-atomic=\"true\"><\/p> <ul><\/ul><\/div>\n<form action=\"\/index.php\/wp-json\/wp\/v2\/pages\/594#wpcf7-f839-o1\" method=\"post\" class=\"wpcf7-form init\" aria-label=\"Contact form\" novalidate=\"novalidate\" data-status=\"init\">\n<div style=\"display: none;\">\n<input type=\"hidden\" name=\"_wpcf7\" value=\"839\" \/>\n<input type=\"hidden\" name=\"_wpcf7_version\" value=\"6.0.3\" \/>\n<input type=\"hidden\" name=\"_wpcf7_locale\" value=\"en_US\" \/>\n<input type=\"hidden\" name=\"_wpcf7_unit_tag\" value=\"wpcf7-f839-o1\" \/>\n<input type=\"hidden\" name=\"_wpcf7_container_post\" value=\"0\" \/>\n<input type=\"hidden\" name=\"_wpcf7_posted_data_hash\" value=\"\" \/>\n<input type=\"hidden\" name=\"_wpcf7_recaptcha_response\" value=\"\" \/>\n<\/div>\n<div class=\"tm-contactform tm-commonform\">\n\t<div class=\"row\">\n\t\t<div class=\"col-xs-12 col-xs-6 \">\n\t\t\t<div class=\"field-group\">\n\t\t\t\t<p><i class=\"ti-user\"><\/i><span class=\"wpcf7-form-control-wrap\" data-name=\"your-name\"><input size=\"40\" maxlength=\"400\" class=\"wpcf7-form-control wpcf7-text wpcf7-validates-as-required\" aria-required=\"true\" aria-invalid=\"false\" placeholder=\"Votre nom\" value=\"\" type=\"text\" name=\"your-name\" \/><\/span>\n\t\t\t\t<\/p>\n\t\t\t<\/div>\n\t\t<\/div>\n\t\t<div class=\"col-xs-12 col-xs-6 \">\n\t\t\t<div class=\"field-group\">\n\t\t\t\t<p><i class=\"ti-mobile\"><\/i><span class=\"wpcf7-form-control-wrap\" data-name=\"your-phone\"><input size=\"40\" maxlength=\"400\" class=\"wpcf7-form-control wpcf7-text wpcf7-validates-as-required\" aria-required=\"true\" aria-invalid=\"false\" placeholder=\"Num\u00e9ro de t\u00e9l\u00e9phone\" value=\"\" type=\"text\" name=\"your-phone\" \/><\/span>\n\t\t\t\t<\/p>\n\t\t\t<\/div>\n\t\t<\/div>\n\t\t<div class=\"col-xs-12 col-xs-6 \">\n\t\t\t<div class=\"field-group\">\n\t\t\t\t<p><i class=\"ti-email\"><\/i><span class=\"wpcf7-form-control-wrap\" data-name=\"your-email\"><input size=\"40\" maxlength=\"400\" class=\"wpcf7-form-control wpcf7-email wpcf7-validates-as-required wpcf7-text wpcf7-validates-as-email\" aria-required=\"true\" aria-invalid=\"false\" placeholder=\"Email\" value=\"\" type=\"email\" name=\"your-email\" \/><\/span>\n\t\t\t\t<\/p>\n\t\t\t<\/div>\n\t\t<\/div>\n\t\t<div class=\"col-xs-12 col-xs-6 \">\n\t\t\t<div class=\"field-group\">\n\t\t\t\t<p><i class=\"ti-location-pin\"><\/i><span class=\"wpcf7-form-control-wrap\" data-name=\"your-venue\"><input size=\"40\" maxlength=\"400\" class=\"wpcf7-form-control wpcf7-text wpcf7-validates-as-required\" aria-required=\"true\" aria-invalid=\"false\" placeholder=\"Localisation\" value=\"\" type=\"text\" name=\"your-venue\" \/><\/span>\n\t\t\t\t<\/p>\n\t\t\t<\/div>\n\t\t<\/div>\n\t<\/div>\n\t<div class=\"row\">\n\t\t<div class=\"col-xs-12 col-sm-12\">\n\t\t\t<div class=\"field-group\">\n\t\t\t\t<p><i class=\"ti-comment\"><\/i><span class=\"wpcf7-form-control-wrap\" data-name=\"message\"><textarea cols=\"40\" rows=\"10\" maxlength=\"2000\" class=\"wpcf7-form-control wpcf7-textarea wpcf7-validates-as-required\" aria-required=\"true\" aria-invalid=\"false\" placeholder=\"Message\" name=\"message\"><\/textarea><\/span>\n\t\t\t\t<\/p>\n\t\t\t<\/div>\n\t\t<\/div>\n\t<\/div>\n\t<div class=\"row\">\n\t\t<div class=\"col-xs-12 col-sm-12 tm-book-submitbt\">\n\t\t\t<p><input class=\"wpcf7-form-control wpcf7-submit has-spinner tm-vc_general tm-vc_btn3 tm-vc_btn3-style-flat tm-vc_btn3-size-md tm-vc_btn3-color-skincolor\" type=\"submit\" value=\"Envoyer ma demande\" \/>\n\t\t\t<\/p>\n\t\t<\/div>\n\t<\/div>\n<\/div><p style=\"display: none !important;\" class=\"akismet-fields-container\" data-prefix=\"_wpcf7_ak_\"><label>&#916;<textarea name=\"_wpcf7_ak_hp_textarea\" cols=\"45\" rows=\"8\" maxlength=\"100\"><\/textarea><\/label><input type=\"hidden\" id=\"ak_js_1\" name=\"_wpcf7_ak_js\" value=\"4\"\/><script>document.getElementById( \"ak_js_1\" ).setAttribute( \"value\", ( new Date() ).getTime() );<\/script><\/p><div class=\"wpcf7-response-output\" aria-hidden=\"true\"><\/div>\n<\/form>\n<\/div>\n[\/vc_column][\/vc_row][vc_row tm_bgimagefixed=\u00a0\u00bb\u00a0\u00bb full_width=\u00a0\u00bbstretch_row_content_no_spaces\u00a0\u00bb css=\u00a0\u00bb.vc_custom_1539765048777{padding-bottom: 0px !important;}\u00a0\u00bb tm_responsive_css=\u00a0\u00bb74101822|colbreak_no|||||||||colbreak_no|||||0px||||colbreak_no||||||||||colbreak_no|||||||||\u00a0\u00bb][vc_column][vc_gmaps link=\u00a0\u00bb#E-8_JTNDaWZyYW1lJTIwc3JjJTNEJTIyaHR0cHMlM0ElMkYlMkZ3d3cuZ29vZ2xlLmNvbSUyRm1hcHMlMkZlbWJlZCUzRnBiJTNEJTIxMW0xOCUyMTFtMTIlMjExbTMlMjExZDEyNDE0LjkxNjY2MDg1MDczNyUyMTJkMS43OTg5NzYwNzA3MDU2MTYlMjEzZDQ5LjE0NTI0MzM5OTA1OTIyNSUyMTJtMyUyMTFmMCUyMTJmMCUyMTNmMCUyMTNtMiUyMTFpMTAyNCUyMTJpNzY4JTIxNGYxMy4xJTIxM20zJTIxMW0yJTIxMXMweDQ3ZTZlOTAwOWYwN2M2ZDclMjUzQTB4ZGNlNWI4NmEzMmU5MzRkOCUyMTJzTGUlMjUyME1hbmhhdHRhbiUyMTVlMCUyMTNtMiUyMTFzZnIlMjEyc2ZyJTIxNHYxNjIyMTE5MTI5ODAzJTIxNW0yJTIxMXNmciUyMTJzZnIlMjIlMjB3aWR0aCUzRCUyMjEwMCUyNSUyMiUyMGhlaWdodCUzRCUyMjQyMCUyMiUyMHN0eWxlJTNEJTIyYm9yZGVyJTNBMCUzQiUyMiUyMGFsbG93ZnVsbHNjcmVlbiUzRCUyMiUyMiUyMGxvYWRpbmclM0QlMjJsYXp5JTIyJTNFJTNDJTJGaWZyYW1lJTNF\u00a0\u00bb css=\u00a0\u00bb.vc_custom_1622119143419{margin-bottom: 0px !important;}\u00a0\u00bb][\/vc_column][\/vc_row][vc_row tm_bgcolor=\u00a0\u00bbskincolor\u00a0\u00bb tm_bgimagefixed=\u00a0\u00bb\u00a0\u00bb full_width=\u00a0\u00bbstretch_row\u00a0\u00bb css=\u00a0\u00bb.vc_custom_1539074260132{padding-top: 50px !important;padding-bottom: 0px !important;}\u00a0\u00bb][vc_column]<section class=\"tm-vc_cta3-container\"><div class=\"tm-vc_general tm-vc_cta3 tm-cta3-only tm-vc_cta3-style-classic tm-vc_cta3-shape-square tm-vc_cta3-align-left tm-vc_cta3-color-transparent tm-vc_cta3-icon-size-lg tm-vc_cta3-icons-left tm-vc_cta3-actions-right tm-cta3-without-desc\"><div class=\"tm-vc_cta3-icons tm-wrap-cell\"><div class=\"tm-vc_icon_element tm-vc_icon_element-outer tm-vc_icon_element-align-left \"><div class=\"tm-vc_icon_element-inner  tm-vc_icon_element-color-white tm-vc_icon_element-size-lg tm-vc_icon_element-style- tm-vc_icon_element-background-color-grey\" ><span class=\"tm-vc_icon_element-icon themifyicon ti-headphone\" ><\/span><\/div><\/div><\/div><div class=\"tm-vc_cta3_content-container\"><div class=\"tm-vc_cta3-content\"><header class=\"tm-vc_cta3-content-header tm-wrap\"><div class=\"tm-vc_cta3-headers tm-wrap-cell\"><h2 style=\"font-size:18px;line-height:24px;color:#ffffff;font-family:'Open Sans',Arial,Helvetica;font-weight:400;\" class=\"tm-custom-heading \" >Si vous avez la moindre question concernant nos services<\/h2>\n<h4 style=\"font-size:24px;line-height:28px;color:#ffffff;font-family:'Open Sans',Arial,Helvetica;font-weight:600;\" class=\"tm-custom-heading \" >notre \u00e9quipe vous r\u00e9pond tous les jours au 06 31 04 09 97<\/h4>\n<\/div><div class=\"heading-seperator\"><span><\/span><\/div><\/header><\/div><div class=\"tm-vc_cta3-actions\">\n\t\t<div class=\"tm-vc_btn3-container tm-vc_btn3-inline\"><a class=\"tm-vc_general tm-vc_btn3 tm-vc_btn3-size-md tm-vc_btn3-shape-rounded tm-vc_btn3-style-outline tm-vc_btn3-weight-no tm-vc_btn3-color-white\" href=\"#\" title=\"\">Lancer l'appel !<\/a><\/div><\/div><\/div><\/div><\/section>[\/vc_column][\/vc_row]<\/p>\n<\/div>","protected":false},"excerpt":{"rendered":"<p>[vc_row tm_bgimagefixed=\u00a0\u00bb\u00a0\u00bb css=\u00a0\u00bb.vc_custom_1539074426758{padding-top: 85px !important;padding-bottom: 25px !important;}\u00a0\u00bb][vc_column width=\u00a0\u00bb3\/4&Prime;][\/vc_column][vc_column width=\u00a0\u00bb1\/4&Prime; css=\u00a0\u00bb.vc_custom_1539074713418{padding-top: 58px !important;}\u00a0\u00bb tm_responsive_css=\u00a0\u00bb95289829|colbreak_no|||||||||colbreak_no|||||||||colbreak_no|||||0px|||||colbreak_no|||||||||\u00a0\u00bb][\/vc_column][\/vc_row][vc_row tm_textcolor=\u00a0\u00bbwhite\u00a0\u00bb tm_bgcolor=\u00a0\u00bbdarkgrey\u00a0\u00bb tm_bgimagefixed=\u00a0\u00bb\u00a0\u00bb full_width=\u00a0\u00bbstretch_row\u00a0\u00bb css=\u00a0\u00bb.vc_custom_1622120925658{padding-top: 30px !important;padding-bottom: 30px !important;}\u00a0\u00bb][vc_column width=\u00a0\u00bb1\/3&Prime;][\/vc_column][vc_column width=\u00a0\u00bb1\/3&Prime;][\/vc_column][vc_column width=\u00a0\u00bb1\/3&Prime;][\/vc_column][\/vc_row][vc_row tm_bgimagefixed=\u00a0\u00bb\u00a0\u00bb break_in_responsive=\u00a0\u00bb991&Prime; tm_shadow=\u00a0\u00bbyes\u00a0\u00bb equal_height=\u00a0\u00bbyes\u00a0\u00bb css=\u00a0\u00bb.vc_custom_1622119436302{padding-top: &hellip; <a href=\"https:\/\/lm-vexin.fr\/index.php\/contact-us\/\" class=\"more-link\">Continue reading <span class=\"screen-reader-text\">Contactez-nous<\/span><\/a><\/p>\n","protected":false},"author":1,"featured_media":0,"parent":0,"menu_order":13,"comment_status":"closed","ping_status":"closed","template":"","meta":{"footnotes":""},"class_list":["post-594","page","type-page","status-publish","hentry"],"yoast_head":"<!-- This site is optimized with the Yoast SEO plugin v25.9 - https:\/\/yoast.com\/wordpress\/plugins\/seo\/ -->\n<title>Contactez-nous - LM VEXIN - Organisation d&#039;\u00e9v\u00e9nement<\/title>\n<meta name=\"robots\" content=\"index, follow, max-snippet:-1, max-image-preview:large, max-video-preview:-1\" \/>\n<link rel=\"canonical\" href=\"https:\/\/lm-vexin.fr\/index.php\/contact-us\/\" \/>\n<meta property=\"og:locale\" content=\"fr_FR\" \/>\n<meta property=\"og:type\" content=\"article\" \/>\n<meta property=\"og:title\" content=\"Contactez-nous - LM VEXIN - Organisation d&#039;\u00e9v\u00e9nement\" \/>\n<meta property=\"og:description\" content=\"[vc_row tm_bgimagefixed=\u00a0\u00bb\u00a0\u00bb css=\u00a0\u00bb.vc_custom_1539074426758{padding-top: 85px !important;padding-bottom: 25px !important;}\u00a0\u00bb][vc_column width=\u00a0\u00bb3\/4&Prime;][\/vc_column][vc_column width=\u00a0\u00bb1\/4&Prime; css=\u00a0\u00bb.vc_custom_1539074713418{padding-top: 58px !important;}\u00a0\u00bb tm_responsive_css=\u00a0\u00bb95289829|colbreak_no|||||||||colbreak_no|||||||||colbreak_no|||||0px|||||colbreak_no|||||||||\u00a0\u00bb][\/vc_column][\/vc_row][vc_row tm_textcolor=\u00a0\u00bbwhite\u00a0\u00bb tm_bgcolor=\u00a0\u00bbdarkgrey\u00a0\u00bb tm_bgimagefixed=\u00a0\u00bb\u00a0\u00bb full_width=\u00a0\u00bbstretch_row\u00a0\u00bb css=\u00a0\u00bb.vc_custom_1622120925658{padding-top: 30px !important;padding-bottom: 30px !important;}\u00a0\u00bb][vc_column width=\u00a0\u00bb1\/3&Prime;][\/vc_column][vc_column width=\u00a0\u00bb1\/3&Prime;][\/vc_column][vc_column width=\u00a0\u00bb1\/3&Prime;][\/vc_column][\/vc_row][vc_row tm_bgimagefixed=\u00a0\u00bb\u00a0\u00bb break_in_responsive=\u00a0\u00bb991&Prime; tm_shadow=\u00a0\u00bbyes\u00a0\u00bb equal_height=\u00a0\u00bbyes\u00a0\u00bb css=\u00a0\u00bb.vc_custom_1622119436302{padding-top: &hellip; Continue reading Contactez-nous\" \/>\n<meta property=\"og:url\" content=\"https:\/\/lm-vexin.fr\/index.php\/contact-us\/\" \/>\n<meta property=\"og:site_name\" content=\"LM VEXIN - Organisation d&#039;\u00e9v\u00e9nement\" \/>\n<meta property=\"article:modified_time\" content=\"2025-09-10T07:33:40+00:00\" \/>\n<meta name=\"twitter:card\" content=\"summary_large_image\" \/>\n<meta name=\"twitter:label1\" content=\"Dur\u00e9e de lecture estim\u00e9e\" \/>\n\t<meta name=\"twitter:data1\" content=\"2 minutes\" \/>\n<script type=\"application\/ld+json\" class=\"yoast-schema-graph\">{\"@context\":\"https:\/\/schema.org\",\"@graph\":[{\"@type\":\"WebPage\",\"@id\":\"https:\/\/lm-vexin.fr\/index.php\/contact-us\/\",\"url\":\"https:\/\/lm-vexin.fr\/index.php\/contact-us\/\",\"name\":\"Contactez-nous - LM VEXIN - Organisation d&#039;\u00e9v\u00e9nement\",\"isPartOf\":{\"@id\":\"https:\/\/lm-vexin.fr\/#website\"},\"datePublished\":\"2018-09-03T09:19:49+00:00\",\"dateModified\":\"2025-09-10T07:33:40+00:00\",\"breadcrumb\":{\"@id\":\"https:\/\/lm-vexin.fr\/index.php\/contact-us\/#breadcrumb\"},\"inLanguage\":\"fr-FR\",\"potentialAction\":[{\"@type\":\"ReadAction\",\"target\":[\"https:\/\/lm-vexin.fr\/index.php\/contact-us\/\"]}]},{\"@type\":\"BreadcrumbList\",\"@id\":\"https:\/\/lm-vexin.fr\/index.php\/contact-us\/#breadcrumb\",\"itemListElement\":[{\"@type\":\"ListItem\",\"position\":1,\"name\":\"Home\",\"item\":\"https:\/\/lm-vexin.fr\/\"},{\"@type\":\"ListItem\",\"position\":2,\"name\":\"Contactez-nous\"}]},{\"@type\":\"WebSite\",\"@id\":\"https:\/\/lm-vexin.fr\/#website\",\"url\":\"https:\/\/lm-vexin.fr\/\",\"name\":\"LM VEXIN - Organisation d&#039;\u00e9v\u00e9nement\",\"description\":\"VOTRE PARTENAIRE \u00c9V\u00c9NEMENT DE A \u00c0 Z\",\"publisher\":{\"@id\":\"https:\/\/lm-vexin.fr\/#organization\"},\"potentialAction\":[{\"@type\":\"SearchAction\",\"target\":{\"@type\":\"EntryPoint\",\"urlTemplate\":\"https:\/\/lm-vexin.fr\/?s={search_term_string}\"},\"query-input\":{\"@type\":\"PropertyValueSpecification\",\"valueRequired\":true,\"valueName\":\"search_term_string\"}}],\"inLanguage\":\"fr-FR\"},{\"@type\":\"Organization\",\"@id\":\"https:\/\/lm-vexin.fr\/#organization\",\"name\":\"LM VEXIN PARIS\",\"url\":\"https:\/\/lm-vexin.fr\/\",\"logo\":{\"@type\":\"ImageObject\",\"inLanguage\":\"fr-FR\",\"@id\":\"https:\/\/lm-vexin.fr\/#\/schema\/logo\/image\/\",\"url\":\"https:\/\/lm-vexin.fr\/wp-content\/uploads\/2021\/06\/LOGO-WEB-LM-EVENTS-1.png\",\"contentUrl\":\"https:\/\/lm-vexin.fr\/wp-content\/uploads\/2021\/06\/LOGO-WEB-LM-EVENTS-1.png\",\"width\":294,\"height\":85,\"caption\":\"LM VEXIN PARIS\"},\"image\":{\"@id\":\"https:\/\/lm-vexin.fr\/#\/schema\/logo\/image\/\"}}]}<\/script>\n<!-- \/ Yoast SEO plugin. -->","yoast_head_json":{"title":"Contactez-nous - LM VEXIN - Organisation d&#039;\u00e9v\u00e9nement","robots":{"index":"index","follow":"follow","max-snippet":"max-snippet:-1","max-image-preview":"max-image-preview:large","max-video-preview":"max-video-preview:-1"},"canonical":"https:\/\/lm-vexin.fr\/index.php\/contact-us\/","og_locale":"fr_FR","og_type":"article","og_title":"Contactez-nous - LM VEXIN - Organisation d&#039;\u00e9v\u00e9nement","og_description":"[vc_row tm_bgimagefixed=\u00a0\u00bb\u00a0\u00bb css=\u00a0\u00bb.vc_custom_1539074426758{padding-top: 85px !important;padding-bottom: 25px !important;}\u00a0\u00bb][vc_column width=\u00a0\u00bb3\/4&Prime;][\/vc_column][vc_column width=\u00a0\u00bb1\/4&Prime; css=\u00a0\u00bb.vc_custom_1539074713418{padding-top: 58px !important;}\u00a0\u00bb tm_responsive_css=\u00a0\u00bb95289829|colbreak_no|||||||||colbreak_no|||||||||colbreak_no|||||0px|||||colbreak_no|||||||||\u00a0\u00bb][\/vc_column][\/vc_row][vc_row tm_textcolor=\u00a0\u00bbwhite\u00a0\u00bb tm_bgcolor=\u00a0\u00bbdarkgrey\u00a0\u00bb tm_bgimagefixed=\u00a0\u00bb\u00a0\u00bb full_width=\u00a0\u00bbstretch_row\u00a0\u00bb css=\u00a0\u00bb.vc_custom_1622120925658{padding-top: 30px !important;padding-bottom: 30px !important;}\u00a0\u00bb][vc_column width=\u00a0\u00bb1\/3&Prime;][\/vc_column][vc_column width=\u00a0\u00bb1\/3&Prime;][\/vc_column][vc_column width=\u00a0\u00bb1\/3&Prime;][\/vc_column][\/vc_row][vc_row tm_bgimagefixed=\u00a0\u00bb\u00a0\u00bb break_in_responsive=\u00a0\u00bb991&Prime; tm_shadow=\u00a0\u00bbyes\u00a0\u00bb equal_height=\u00a0\u00bbyes\u00a0\u00bb css=\u00a0\u00bb.vc_custom_1622119436302{padding-top: &hellip; Continue reading Contactez-nous","og_url":"https:\/\/lm-vexin.fr\/index.php\/contact-us\/","og_site_name":"LM VEXIN - Organisation d&#039;\u00e9v\u00e9nement","article_modified_time":"2025-09-10T07:33:40+00:00","twitter_card":"summary_large_image","twitter_misc":{"Dur\u00e9e de lecture estim\u00e9e":"2 minutes"},"schema":{"@context":"https:\/\/schema.org","@graph":[{"@type":"WebPage","@id":"https:\/\/lm-vexin.fr\/index.php\/contact-us\/","url":"https:\/\/lm-vexin.fr\/index.php\/contact-us\/","name":"Contactez-nous - LM VEXIN - Organisation d&#039;\u00e9v\u00e9nement","isPartOf":{"@id":"https:\/\/lm-vexin.fr\/#website"},"datePublished":"2018-09-03T09:19:49+00:00","dateModified":"2025-09-10T07:33:40+00:00","breadcrumb":{"@id":"https:\/\/lm-vexin.fr\/index.php\/contact-us\/#breadcrumb"},"inLanguage":"fr-FR","potentialAction":[{"@type":"ReadAction","target":["https:\/\/lm-vexin.fr\/index.php\/contact-us\/"]}]},{"@type":"BreadcrumbList","@id":"https:\/\/lm-vexin.fr\/index.php\/contact-us\/#breadcrumb","itemListElement":[{"@type":"ListItem","position":1,"name":"Home","item":"https:\/\/lm-vexin.fr\/"},{"@type":"ListItem","position":2,"name":"Contactez-nous"}]},{"@type":"WebSite","@id":"https:\/\/lm-vexin.fr\/#website","url":"https:\/\/lm-vexin.fr\/","name":"LM VEXIN - Organisation d&#039;\u00e9v\u00e9nement","description":"VOTRE PARTENAIRE \u00c9V\u00c9NEMENT DE A \u00c0 Z","publisher":{"@id":"https:\/\/lm-vexin.fr\/#organization"},"potentialAction":[{"@type":"SearchAction","target":{"@type":"EntryPoint","urlTemplate":"https:\/\/lm-vexin.fr\/?s={search_term_string}"},"query-input":{"@type":"PropertyValueSpecification","valueRequired":true,"valueName":"search_term_string"}}],"inLanguage":"fr-FR"},{"@type":"Organization","@id":"https:\/\/lm-vexin.fr\/#organization","name":"LM VEXIN PARIS","url":"https:\/\/lm-vexin.fr\/","logo":{"@type":"ImageObject","inLanguage":"fr-FR","@id":"https:\/\/lm-vexin.fr\/#\/schema\/logo\/image\/","url":"https:\/\/lm-vexin.fr\/wp-content\/uploads\/2021\/06\/LOGO-WEB-LM-EVENTS-1.png","contentUrl":"https:\/\/lm-vexin.fr\/wp-content\/uploads\/2021\/06\/LOGO-WEB-LM-EVENTS-1.png","width":294,"height":85,"caption":"LM VEXIN PARIS"},"image":{"@id":"https:\/\/lm-vexin.fr\/#\/schema\/logo\/image\/"}}]}},"_links":{"self":[{"href":"https:\/\/lm-vexin.fr\/index.php\/wp-json\/wp\/v2\/pages\/594","targetHints":{"allow":["GET"]}}],"collection":[{"href":"https:\/\/lm-vexin.fr\/index.php\/wp-json\/wp\/v2\/pages"}],"about":[{"href":"https:\/\/lm-vexin.fr\/index.php\/wp-json\/wp\/v2\/types\/page"}],"author":[{"embeddable":true,"href":"https:\/\/lm-vexin.fr\/index.php\/wp-json\/wp\/v2\/users\/1"}],"replies":[{"embeddable":true,"href":"https:\/\/lm-vexin.fr\/index.php\/wp-json\/wp\/v2\/comments?post=594"}],"version-history":[{"count":14,"href":"https:\/\/lm-vexin.fr\/index.php\/wp-json\/wp\/v2\/pages\/594\/revisions"}],"predecessor-version":[{"id":5692,"href":"https:\/\/lm-vexin.fr\/index.php\/wp-json\/wp\/v2\/pages\/594\/revisions\/5692"}],"wp:attachment":[{"href":"https:\/\/lm-vexin.fr\/index.php\/wp-json\/wp\/v2\/media?parent=594"}],"curies":[{"name":"wp","href":"https:\/\/api.w.org\/{rel}","templated":true}]}}